{"id":47951,"date":"2025-06-19T20:15:57","date_gmt":"2025-06-19T18:15:57","guid":{"rendered":"https:\/\/linoexpress.com\/rs\/?post_type=product&#038;p=47951"},"modified":"2025-09-30T14:23:45","modified_gmt":"2025-09-30T12:23:45","slug":"turbo-zracni-puhac","status":"publish","type":"product","link":"https:\/\/linoexpress.com\/rs\/proizvod\/turbo-zracni-puhac\/","title":{"rendered":"Turbo zra\u010dni puha\u010d"},"content":{"rendered":"","protected":false},"excerpt":{"rendered":"<p>Be\u017ei\u010dni turbo puha\u010d je mo\u0107an vi\u0161enamenski alat za \u010di\u0161\u0107enje, su\u0161enje i napuhavanje.<\/p>\n<p>Idealan je za automobil, elektroniku, ku\u0107nu i spolja\u0161nju upotrebu.<\/p>\n<p>Kompaktan, ali izuzetno mo\u0107an \u2013 \u010dini va\u0161e svakodnevne zadatke br\u017eim i lak\u0161im.<\/p>\n<p>&nbsp;<\/p>\n<p class=\"\" data-start=\"395\" data-end=\"517\">\n","protected":false},"featured_media":47967,"comment_status":"closed","ping_status":"closed","template":"","meta":{"inline_featured_image":false},"product_brand":[],"product_cat":[28,15,26],"product_tag":[],"class_list":{"0":"post-47951","1":"product","2":"type-product","3":"status-publish","4":"has-post-thumbnail","6":"product_cat-beauty","7":"product_cat-uncategorized","8":"product_cat-health","10":"first","11":"instock","12":"sale","13":"shipping-taxable","14":"purchasable","15":"product-type-simple"},"acf":[],"_links":{"self":[{"href":"https:\/\/linoexpress.com\/rs\/wp-json\/wp\/v2\/product\/47951","targetHints":{"allow":["GET"]}}],"collection":[{"href":"https:\/\/linoexpress.com\/rs\/wp-json\/wp\/v2\/product"}],"about":[{"href":"https:\/\/linoexpress.com\/rs\/wp-json\/wp\/v2\/types\/product"}],"replies":[{"embeddable":true,"href":"https:\/\/linoexpress.com\/rs\/wp-json\/wp\/v2\/comments?post=47951"}],"wp:featuredmedia":[{"embeddable":true,"href":"https:\/\/linoexpress.com\/rs\/wp-json\/wp\/v2\/media\/47967"}],"wp:attachment":[{"href":"https:\/\/linoexpress.com\/rs\/wp-json\/wp\/v2\/media?parent=47951"}],"wp:term":[{"taxonomy":"product_brand","embeddable":true,"href":"https:\/\/linoexpress.com\/rs\/wp-json\/wp\/v2\/product_brand?post=47951"},{"taxonomy":"product_cat","embeddable":true,"href":"https:\/\/linoexpress.com\/rs\/wp-json\/wp\/v2\/product_cat?post=47951"},{"taxonomy":"product_tag","embeddable":true,"href":"https:\/\/linoexpress.com\/rs\/wp-json\/wp\/v2\/product_tag?post=47951"}],"curies":[{"name":"wp","href":"https:\/\/api.w.org\/{rel}","templated":true}]}}