{"id":47992,"date":"2025-06-25T01:02:46","date_gmt":"2025-06-24T23:02:46","guid":{"rendered":"https:\/\/linoexpress.com\/rs\/?post_type=product&#038;p=47992"},"modified":"2025-09-30T13:55:06","modified_gmt":"2025-09-30T11:55:06","slug":"akrilno-zidno-ogledalo","status":"publish","type":"product","link":"https:\/\/linoexpress.com\/rs\/proizvod\/akrilno-zidno-ogledalo\/","title":{"rendered":"Akrilno zidno ogledalo"},"content":{"rendered":"","protected":false},"excerpt":{"rendered":"<p>Bezbedno, prakti\u010dno i izuzetno otporno \u2013 akrilno ogledalo idealno je za svaki dom.<\/p>\n<p>Ne lomi se kao staklo i lako se postavlja na zid bez alata.<\/p>\n<p>Savr\u0161eno re\u0161enje za bezbedno ogledanje i vizuelno pro\u0161irenje prostora.<\/p>\n<p>&nbsp;<\/p>\n<p class=\"\" data-start=\"395\" data-end=\"517\">\n","protected":false},"featured_media":47999,"comment_status":"closed","ping_status":"closed","template":"","meta":{"inline_featured_image":false},"product_brand":[],"product_cat":[28,15,26],"product_tag":[],"class_list":{"0":"post-47992","1":"product","2":"type-product","3":"status-publish","4":"has-post-thumbnail","6":"product_cat-beauty","7":"product_cat-uncategorized","8":"product_cat-health","10":"first","11":"instock","12":"sale","13":"shipping-taxable","14":"purchasable","15":"product-type-simple"},"acf":[],"_links":{"self":[{"href":"https:\/\/linoexpress.com\/rs\/wp-json\/wp\/v2\/product\/47992","targetHints":{"allow":["GET"]}}],"collection":[{"href":"https:\/\/linoexpress.com\/rs\/wp-json\/wp\/v2\/product"}],"about":[{"href":"https:\/\/linoexpress.com\/rs\/wp-json\/wp\/v2\/types\/product"}],"replies":[{"embeddable":true,"href":"https:\/\/linoexpress.com\/rs\/wp-json\/wp\/v2\/comments?post=47992"}],"wp:featuredmedia":[{"embeddable":true,"href":"https:\/\/linoexpress.com\/rs\/wp-json\/wp\/v2\/media\/47999"}],"wp:attachment":[{"href":"https:\/\/linoexpress.com\/rs\/wp-json\/wp\/v2\/media?parent=47992"}],"wp:term":[{"taxonomy":"product_brand","embeddable":true,"href":"https:\/\/linoexpress.com\/rs\/wp-json\/wp\/v2\/product_brand?post=47992"},{"taxonomy":"product_cat","embeddable":true,"href":"https:\/\/linoexpress.com\/rs\/wp-json\/wp\/v2\/product_cat?post=47992"},{"taxonomy":"product_tag","embeddable":true,"href":"https:\/\/linoexpress.com\/rs\/wp-json\/wp\/v2\/product_tag?post=47992"}],"curies":[{"name":"wp","href":"https:\/\/api.w.org\/{rel}","templated":true}]}}