{"id":48061,"date":"2025-06-27T15:16:40","date_gmt":"2025-06-27T13:16:40","guid":{"rendered":"https:\/\/linoexpress.com\/rs\/?post_type=product&#038;p=48061"},"modified":"2025-06-27T19:55:58","modified_gmt":"2025-06-27T17:55:58","slug":"automatska-uv-tenda","status":"publish","type":"product","link":"https:\/\/linoexpress.com\/rs\/proizvod\/automatska-uv-tenda\/","title":{"rendered":"Automatska UV tenda"},"content":{"rendered":"","protected":false},"excerpt":{"rendered":"<p>Smanjite UV zrake i sun\u010devu svetlost u svom automobilu i u\u010dinite vo\u017enju ugodnijom. Iskoristite ovu za\u0161titu za sve prostorije gde je to potrebno!<\/p>\n","protected":false},"featured_media":48072,"comment_status":"closed","ping_status":"closed","template":"","meta":{"inline_featured_image":false},"product_brand":[],"product_cat":[27,15],"product_tag":[],"class_list":{"0":"post-48061","1":"product","2":"type-product","3":"status-publish","4":"has-post-thumbnail","6":"product_cat-home","7":"product_cat-uncategorized","9":"first","10":"instock","11":"sale","12":"shipping-taxable","13":"purchasable","14":"product-type-simple"},"acf":[],"_links":{"self":[{"href":"https:\/\/linoexpress.com\/rs\/wp-json\/wp\/v2\/product\/48061","targetHints":{"allow":["GET"]}}],"collection":[{"href":"https:\/\/linoexpress.com\/rs\/wp-json\/wp\/v2\/product"}],"about":[{"href":"https:\/\/linoexpress.com\/rs\/wp-json\/wp\/v2\/types\/product"}],"replies":[{"embeddable":true,"href":"https:\/\/linoexpress.com\/rs\/wp-json\/wp\/v2\/comments?post=48061"}],"wp:featuredmedia":[{"embeddable":true,"href":"https:\/\/linoexpress.com\/rs\/wp-json\/wp\/v2\/media\/48072"}],"wp:attachment":[{"href":"https:\/\/linoexpress.com\/rs\/wp-json\/wp\/v2\/media?parent=48061"}],"wp:term":[{"taxonomy":"product_brand","embeddable":true,"href":"https:\/\/linoexpress.com\/rs\/wp-json\/wp\/v2\/product_brand?post=48061"},{"taxonomy":"product_cat","embeddable":true,"href":"https:\/\/linoexpress.com\/rs\/wp-json\/wp\/v2\/product_cat?post=48061"},{"taxonomy":"product_tag","embeddable":true,"href":"https:\/\/linoexpress.com\/rs\/wp-json\/wp\/v2\/product_tag?post=48061"}],"curies":[{"name":"wp","href":"https:\/\/api.w.org\/{rel}","templated":true}]}}