{"id":48529,"date":"2025-08-26T09:34:26","date_gmt":"2025-08-26T07:34:26","guid":{"rendered":"https:\/\/linoexpress.com\/rs\/?post_type=product&#038;p=48529"},"modified":"2025-08-26T11:40:57","modified_gmt":"2025-08-26T09:40:57","slug":"tiha-lopta-za-beskrajnu-igru-silent-basketball","status":"publish","type":"product","link":"https:\/\/linoexpress.com\/rs\/proizvod\/tiha-lopta-za-beskrajnu-igru-silent-basketball\/","title":{"rendered":"Tiha lopta za beskrajnu igru \u2013 Silent Basketball"},"content":{"rendered":"","protected":false},"excerpt":{"rendered":"<p>Zamislite ko\u0161arka\u0161ku loptu koja ne pravi buku, ne o\u0161te\u0107uje name\u0161taj i sigurna je za igru u stanu. Upravo to donosi Silent Basketball \u2013 lagana i elasti\u010dna lopta koja je stvorena za sate zabave.<br data-start=\"398\" data-end=\"401\" \/>Bez pumpanja, bez ograni\u010denja, samo \u010dista igra!<\/p>\n","protected":false},"featured_media":48536,"comment_status":"closed","ping_status":"closed","template":"","meta":{"inline_featured_image":false},"product_brand":[],"product_cat":[15,35],"product_tag":[],"class_list":{"0":"post-48529","1":"product","2":"type-product","3":"status-publish","4":"has-post-thumbnail","6":"product_cat-uncategorized","7":"product_cat-fun","9":"first","10":"instock","11":"sale","12":"shipping-taxable","13":"purchasable","14":"product-type-simple"},"acf":[],"_links":{"self":[{"href":"https:\/\/linoexpress.com\/rs\/wp-json\/wp\/v2\/product\/48529","targetHints":{"allow":["GET"]}}],"collection":[{"href":"https:\/\/linoexpress.com\/rs\/wp-json\/wp\/v2\/product"}],"about":[{"href":"https:\/\/linoexpress.com\/rs\/wp-json\/wp\/v2\/types\/product"}],"replies":[{"embeddable":true,"href":"https:\/\/linoexpress.com\/rs\/wp-json\/wp\/v2\/comments?post=48529"}],"wp:featuredmedia":[{"embeddable":true,"href":"https:\/\/linoexpress.com\/rs\/wp-json\/wp\/v2\/media\/48536"}],"wp:attachment":[{"href":"https:\/\/linoexpress.com\/rs\/wp-json\/wp\/v2\/media?parent=48529"}],"wp:term":[{"taxonomy":"product_brand","embeddable":true,"href":"https:\/\/linoexpress.com\/rs\/wp-json\/wp\/v2\/product_brand?post=48529"},{"taxonomy":"product_cat","embeddable":true,"href":"https:\/\/linoexpress.com\/rs\/wp-json\/wp\/v2\/product_cat?post=48529"},{"taxonomy":"product_tag","embeddable":true,"href":"https:\/\/linoexpress.com\/rs\/wp-json\/wp\/v2\/product_tag?post=48529"}],"curies":[{"name":"wp","href":"https:\/\/api.w.org\/{rel}","templated":true}]}}