{"id":49980,"date":"2025-11-05T15:15:50","date_gmt":"2025-11-05T14:15:50","guid":{"rendered":"https:\/\/linoexpress.com\/rs\/?post_type=product&#038;p=49980"},"modified":"2025-11-19T10:56:13","modified_gmt":"2025-11-19T09:56:13","slug":"zvucna-knjiga-za-ucenje-engleskog","status":"publish","type":"product","link":"https:\/\/linoexpress.com\/rs\/proizvod\/zvucna-knjiga-za-ucenje-engleskog\/","title":{"rendered":"Zvu\u010dna knjiga za u\u010denje engleskog"},"content":{"rendered":"","protected":false},"excerpt":{"rendered":"<p>Interaktivna knjiga sa zvukom poma\u017ee deci da nau\u010de vi\u0161e od 470 re\u010di na engleskom jeziku kroz 21 temu, kvizove i pesmice.<\/p>\n<p>Idealna je za ku\u0107nu upotrebu, vrti\u0107, \u0161kolu ili kao edukativni poklon.<\/p>\n<p>Knjiga kombinuje zabavu i u\u010denje, podsti\u010du\u0107i decu na samostalno istra\u017eivanje i govor.<\/p>\n<p>&nbsp;<\/p>\n","protected":false},"featured_media":49984,"comment_status":"closed","ping_status":"closed","template":"","meta":{"inline_featured_image":false},"product_brand":[],"product_cat":[28,15,26],"product_tag":[],"class_list":{"0":"post-49980","1":"product","2":"type-product","3":"status-publish","4":"has-post-thumbnail","6":"product_cat-beauty","7":"product_cat-uncategorized","8":"product_cat-health","10":"first","11":"instock","12":"sale","13":"shipping-taxable","14":"purchasable","15":"product-type-simple"},"acf":[],"_links":{"self":[{"href":"https:\/\/linoexpress.com\/rs\/wp-json\/wp\/v2\/product\/49980","targetHints":{"allow":["GET"]}}],"collection":[{"href":"https:\/\/linoexpress.com\/rs\/wp-json\/wp\/v2\/product"}],"about":[{"href":"https:\/\/linoexpress.com\/rs\/wp-json\/wp\/v2\/types\/product"}],"replies":[{"embeddable":true,"href":"https:\/\/linoexpress.com\/rs\/wp-json\/wp\/v2\/comments?post=49980"}],"wp:featuredmedia":[{"embeddable":true,"href":"https:\/\/linoexpress.com\/rs\/wp-json\/wp\/v2\/media\/49984"}],"wp:attachment":[{"href":"https:\/\/linoexpress.com\/rs\/wp-json\/wp\/v2\/media?parent=49980"}],"wp:term":[{"taxonomy":"product_brand","embeddable":true,"href":"https:\/\/linoexpress.com\/rs\/wp-json\/wp\/v2\/product_brand?post=49980"},{"taxonomy":"product_cat","embeddable":true,"href":"https:\/\/linoexpress.com\/rs\/wp-json\/wp\/v2\/product_cat?post=49980"},{"taxonomy":"product_tag","embeddable":true,"href":"https:\/\/linoexpress.com\/rs\/wp-json\/wp\/v2\/product_tag?post=49980"}],"curies":[{"name":"wp","href":"https:\/\/api.w.org\/{rel}","templated":true}]}}