{"id":49995,"date":"2025-11-05T17:06:55","date_gmt":"2025-11-05T16:06:55","guid":{"rendered":"https:\/\/linoexpress.com\/rs\/?post_type=product&#038;p=49995"},"modified":"2026-02-08T22:34:52","modified_gmt":"2026-02-08T21:34:52","slug":"prenosivi-istezac-vrata","status":"publish","type":"product","link":"https:\/\/linoexpress.com\/rs\/proizvod\/prenosivi-istezac-vrata\/","title":{"rendered":"Prenosivi isteza\u010d vrata"},"content":{"rendered":"","protected":false},"excerpt":{"rendered":"<p>Recite zbogom uko\u010denosti i napetosti u vratu uz ovaj prenosivi isteza\u010d vrata koji mo\u017eete koristiti bilo kada i bilo gde. Idealan je za oporavak posle dugog rada za ra\u010dunarom, fizi\u010dke aktivnosti ili napornog dana. Pru\u017ea profesionalno istezanje i olak\u0161anje mi\u0161i\u0107a vrata i ramena \u2013 sve to u udobnosti va\u0161eg doma.<\/p>\n","protected":false},"featured_media":50000,"comment_status":"closed","ping_status":"closed","template":"","meta":{"inline_featured_image":false},"product_brand":[],"product_cat":[28,15,26],"product_tag":[],"class_list":{"0":"post-49995","1":"product","2":"type-product","3":"status-publish","4":"has-post-thumbnail","6":"product_cat-beauty","7":"product_cat-uncategorized","8":"product_cat-health","10":"first","11":"instock","12":"sale","13":"shipping-taxable","14":"purchasable","15":"product-type-simple"},"acf":[],"_links":{"self":[{"href":"https:\/\/linoexpress.com\/rs\/wp-json\/wp\/v2\/product\/49995","targetHints":{"allow":["GET"]}}],"collection":[{"href":"https:\/\/linoexpress.com\/rs\/wp-json\/wp\/v2\/product"}],"about":[{"href":"https:\/\/linoexpress.com\/rs\/wp-json\/wp\/v2\/types\/product"}],"replies":[{"embeddable":true,"href":"https:\/\/linoexpress.com\/rs\/wp-json\/wp\/v2\/comments?post=49995"}],"wp:featuredmedia":[{"embeddable":true,"href":"https:\/\/linoexpress.com\/rs\/wp-json\/wp\/v2\/media\/50000"}],"wp:attachment":[{"href":"https:\/\/linoexpress.com\/rs\/wp-json\/wp\/v2\/media?parent=49995"}],"wp:term":[{"taxonomy":"product_brand","embeddable":true,"href":"https:\/\/linoexpress.com\/rs\/wp-json\/wp\/v2\/product_brand?post=49995"},{"taxonomy":"product_cat","embeddable":true,"href":"https:\/\/linoexpress.com\/rs\/wp-json\/wp\/v2\/product_cat?post=49995"},{"taxonomy":"product_tag","embeddable":true,"href":"https:\/\/linoexpress.com\/rs\/wp-json\/wp\/v2\/product_tag?post=49995"}],"curies":[{"name":"wp","href":"https:\/\/api.w.org\/{rel}","templated":true}]}}