{"id":50012,"date":"2025-11-05T23:17:20","date_gmt":"2025-11-05T22:17:20","guid":{"rendered":"https:\/\/linoexpress.com\/rs\/?post_type=product&#038;p=50012"},"modified":"2026-03-26T14:49:54","modified_gmt":"2026-03-26T13:49:54","slug":"umiljati-panda-terapeutski-plisanac","status":"publish","type":"product","link":"https:\/\/linoexpress.com\/rs\/proizvod\/umiljati-panda-terapeutski-plisanac\/","title":{"rendered":"Umiljati panda terapeutski pli\u0161anac"},"content":{"rendered":"","protected":false},"excerpt":{"rendered":"<p data-start=\"226\" data-end=\"452\">Umiljati panda terapeutski pli\u0161anac stvoren je da pru\u017ei utehu, sigurnost i mir svakome kome je potreban trenutak blagosti.<br data-start=\"501\" data-end=\"504\" \/>Zahvaljuju\u0107i posebnom dizajnu sa ne\u017enim pokretima i prijatnom te\u017einom, ova pandica opona\u0161a ose\u0107aj stvarnog zagrljaja i podsti\u010de duboko opu\u0161tanje tela i uma.<\/p>\n","protected":false},"featured_media":50018,"comment_status":"closed","ping_status":"closed","template":"","meta":{"inline_featured_image":false},"product_brand":[],"product_cat":[28,15,26],"product_tag":[],"class_list":{"0":"post-50012","1":"product","2":"type-product","3":"status-publish","4":"has-post-thumbnail","6":"product_cat-beauty","7":"product_cat-uncategorized","8":"product_cat-health","10":"first","11":"instock","12":"sale","13":"shipping-taxable","14":"purchasable","15":"product-type-simple"},"acf":[],"_links":{"self":[{"href":"https:\/\/linoexpress.com\/rs\/wp-json\/wp\/v2\/product\/50012","targetHints":{"allow":["GET"]}}],"collection":[{"href":"https:\/\/linoexpress.com\/rs\/wp-json\/wp\/v2\/product"}],"about":[{"href":"https:\/\/linoexpress.com\/rs\/wp-json\/wp\/v2\/types\/product"}],"replies":[{"embeddable":true,"href":"https:\/\/linoexpress.com\/rs\/wp-json\/wp\/v2\/comments?post=50012"}],"wp:featuredmedia":[{"embeddable":true,"href":"https:\/\/linoexpress.com\/rs\/wp-json\/wp\/v2\/media\/50018"}],"wp:attachment":[{"href":"https:\/\/linoexpress.com\/rs\/wp-json\/wp\/v2\/media?parent=50012"}],"wp:term":[{"taxonomy":"product_brand","embeddable":true,"href":"https:\/\/linoexpress.com\/rs\/wp-json\/wp\/v2\/product_brand?post=50012"},{"taxonomy":"product_cat","embeddable":true,"href":"https:\/\/linoexpress.com\/rs\/wp-json\/wp\/v2\/product_cat?post=50012"},{"taxonomy":"product_tag","embeddable":true,"href":"https:\/\/linoexpress.com\/rs\/wp-json\/wp\/v2\/product_tag?post=50012"}],"curies":[{"name":"wp","href":"https:\/\/api.w.org\/{rel}","templated":true}]}}