{"id":50028,"date":"2025-11-06T15:38:45","date_gmt":"2025-11-06T14:38:45","guid":{"rendered":"https:\/\/linoexpress.com\/rs\/?post_type=product&#038;p=50028"},"modified":"2025-11-19T10:48:23","modified_gmt":"2025-11-19T09:48:23","slug":"muzicka-kutija-bozicni-voz","status":"publish","type":"product","link":"https:\/\/linoexpress.com\/rs\/proizvod\/muzicka-kutija-bozicni-voz\/","title":{"rendered":"Muzi\u010dka kutija Bo\u017ei\u0107ni voz"},"content":{"rendered":"","protected":false},"excerpt":{"rendered":"<p data-start=\"241\" data-end=\"487\">Retro dizajn voza sa predivnim bo\u017ei\u0107nim motivima i prazni\u010dnom muzikom stvara toplu, bajkovitu atmosferu u svakom domu. Ova elegantna dekoracija sa Deda Mrazom, poklonima i efektom sne\u017ene kugle savr\u0161en je izbor za prazni\u010dni sto, kamin ili policu.<\/p>\n","protected":false},"featured_media":50029,"comment_status":"closed","ping_status":"closed","template":"","meta":{"inline_featured_image":false},"product_brand":[],"product_cat":[25,27,24,15,35],"product_tag":[],"class_list":{"0":"post-50028","1":"product","2":"type-product","3":"status-publish","4":"has-post-thumbnail","6":"product_cat-car","7":"product_cat-home","8":"product_cat-sale","9":"product_cat-uncategorized","10":"product_cat-fun","12":"first","13":"instock","14":"sale","15":"shipping-taxable","16":"purchasable","17":"product-type-simple"},"acf":[],"_links":{"self":[{"href":"https:\/\/linoexpress.com\/rs\/wp-json\/wp\/v2\/product\/50028","targetHints":{"allow":["GET"]}}],"collection":[{"href":"https:\/\/linoexpress.com\/rs\/wp-json\/wp\/v2\/product"}],"about":[{"href":"https:\/\/linoexpress.com\/rs\/wp-json\/wp\/v2\/types\/product"}],"replies":[{"embeddable":true,"href":"https:\/\/linoexpress.com\/rs\/wp-json\/wp\/v2\/comments?post=50028"}],"wp:featuredmedia":[{"embeddable":true,"href":"https:\/\/linoexpress.com\/rs\/wp-json\/wp\/v2\/media\/50029"}],"wp:attachment":[{"href":"https:\/\/linoexpress.com\/rs\/wp-json\/wp\/v2\/media?parent=50028"}],"wp:term":[{"taxonomy":"product_brand","embeddable":true,"href":"https:\/\/linoexpress.com\/rs\/wp-json\/wp\/v2\/product_brand?post=50028"},{"taxonomy":"product_cat","embeddable":true,"href":"https:\/\/linoexpress.com\/rs\/wp-json\/wp\/v2\/product_cat?post=50028"},{"taxonomy":"product_tag","embeddable":true,"href":"https:\/\/linoexpress.com\/rs\/wp-json\/wp\/v2\/product_tag?post=50028"}],"curies":[{"name":"wp","href":"https:\/\/api.w.org\/{rel}","templated":true}]}}