{"id":50135,"date":"2025-11-12T10:03:08","date_gmt":"2025-11-12T09:03:08","guid":{"rendered":"https:\/\/linoexpress.com\/rs\/?post_type=product&#038;p=50135"},"modified":"2025-11-19T10:53:40","modified_gmt":"2025-11-19T09:53:40","slug":"ultrazvucna-zastita-od-glodara","status":"publish","type":"product","link":"https:\/\/linoexpress.com\/rs\/proizvod\/ultrazvucna-zastita-od-glodara\/","title":{"rendered":"Ultrazvu\u010dna za\u0161tita od glodara"},"content":{"rendered":"","protected":false},"excerpt":{"rendered":"<p data-start=\"241\" data-end=\"487\">Elektronski ure\u0111aj koji odbija mi\u0161eve i druge glodare visokofrekventnim zvu\u010dnim talasima.<br \/>\nNeprimetan je ljudskom uhu, a glodarima izaziva nelagodu i odbojnost.<br \/>\nJednostavan je za kori\u0161\u0107enje i siguran za ljude i ku\u0107ne ljubimce.<\/p>\n","protected":false},"featured_media":50139,"comment_status":"closed","ping_status":"closed","template":"","meta":{"inline_featured_image":false},"product_brand":[],"product_cat":[25,27,24,15,35],"product_tag":[],"class_list":{"0":"post-50135","1":"product","2":"type-product","3":"status-publish","4":"has-post-thumbnail","6":"product_cat-car","7":"product_cat-home","8":"product_cat-sale","9":"product_cat-uncategorized","10":"product_cat-fun","12":"first","13":"instock","14":"sale","15":"shipping-taxable","16":"purchasable","17":"product-type-simple"},"acf":[],"_links":{"self":[{"href":"https:\/\/linoexpress.com\/rs\/wp-json\/wp\/v2\/product\/50135","targetHints":{"allow":["GET"]}}],"collection":[{"href":"https:\/\/linoexpress.com\/rs\/wp-json\/wp\/v2\/product"}],"about":[{"href":"https:\/\/linoexpress.com\/rs\/wp-json\/wp\/v2\/types\/product"}],"replies":[{"embeddable":true,"href":"https:\/\/linoexpress.com\/rs\/wp-json\/wp\/v2\/comments?post=50135"}],"wp:featuredmedia":[{"embeddable":true,"href":"https:\/\/linoexpress.com\/rs\/wp-json\/wp\/v2\/media\/50139"}],"wp:attachment":[{"href":"https:\/\/linoexpress.com\/rs\/wp-json\/wp\/v2\/media?parent=50135"}],"wp:term":[{"taxonomy":"product_brand","embeddable":true,"href":"https:\/\/linoexpress.com\/rs\/wp-json\/wp\/v2\/product_brand?post=50135"},{"taxonomy":"product_cat","embeddable":true,"href":"https:\/\/linoexpress.com\/rs\/wp-json\/wp\/v2\/product_cat?post=50135"},{"taxonomy":"product_tag","embeddable":true,"href":"https:\/\/linoexpress.com\/rs\/wp-json\/wp\/v2\/product_tag?post=50135"}],"curies":[{"name":"wp","href":"https:\/\/api.w.org\/{rel}","templated":true}]}}