{"id":50172,"date":"2025-11-13T02:30:40","date_gmt":"2025-11-13T01:30:40","guid":{"rendered":"https:\/\/linoexpress.com\/rs\/?post_type=product&#038;p=50172"},"modified":"2025-11-19T10:46:21","modified_gmt":"2025-11-19T09:46:21","slug":"turbo-dvojni-zidni-punjac-20w","status":"publish","type":"product","link":"https:\/\/linoexpress.com\/rs\/proizvod\/turbo-dvojni-zidni-punjac-20w\/","title":{"rendered":"Turbo dvojni zidni punja\u010d 20W"},"content":{"rendered":"","protected":false},"excerpt":{"rendered":"<p>Brzo napunite sve svoje ure\u0111aje uz Turbo dvojni zidni punja\u010d 20W. Kompaktan, pouzdan i pametan \u2013 ovaj punja\u010d koristi naprednu tehnologiju za brzo i bezbedno punjenje telefona, tableta, konzola i drugih ure\u0111aja. Ugra\u0111eni uvla\u010divi kabl i vi\u0161eslojna za\u0161tita \u010dine ga prakti\u010dnim za svaku priliku: kod ku\u0107e, na poslu ili na putu.<\/p>\n","protected":false},"featured_media":50174,"comment_status":"closed","ping_status":"closed","template":"","meta":{"inline_featured_image":false},"product_brand":[],"product_cat":[25,27,24,15,35],"product_tag":[],"class_list":{"0":"post-50172","1":"product","2":"type-product","3":"status-publish","4":"has-post-thumbnail","6":"product_cat-car","7":"product_cat-home","8":"product_cat-sale","9":"product_cat-uncategorized","10":"product_cat-fun","12":"first","13":"instock","14":"sale","15":"shipping-taxable","16":"purchasable","17":"product-type-simple"},"acf":[],"_links":{"self":[{"href":"https:\/\/linoexpress.com\/rs\/wp-json\/wp\/v2\/product\/50172","targetHints":{"allow":["GET"]}}],"collection":[{"href":"https:\/\/linoexpress.com\/rs\/wp-json\/wp\/v2\/product"}],"about":[{"href":"https:\/\/linoexpress.com\/rs\/wp-json\/wp\/v2\/types\/product"}],"replies":[{"embeddable":true,"href":"https:\/\/linoexpress.com\/rs\/wp-json\/wp\/v2\/comments?post=50172"}],"wp:featuredmedia":[{"embeddable":true,"href":"https:\/\/linoexpress.com\/rs\/wp-json\/wp\/v2\/media\/50174"}],"wp:attachment":[{"href":"https:\/\/linoexpress.com\/rs\/wp-json\/wp\/v2\/media?parent=50172"}],"wp:term":[{"taxonomy":"product_brand","embeddable":true,"href":"https:\/\/linoexpress.com\/rs\/wp-json\/wp\/v2\/product_brand?post=50172"},{"taxonomy":"product_cat","embeddable":true,"href":"https:\/\/linoexpress.com\/rs\/wp-json\/wp\/v2\/product_cat?post=50172"},{"taxonomy":"product_tag","embeddable":true,"href":"https:\/\/linoexpress.com\/rs\/wp-json\/wp\/v2\/product_tag?post=50172"}],"curies":[{"name":"wp","href":"https:\/\/api.w.org\/{rel}","templated":true}]}}