{"id":50192,"date":"2025-11-13T06:47:52","date_gmt":"2025-11-13T05:47:52","guid":{"rendered":"https:\/\/linoexpress.com\/rs\/?post_type=product&#038;p=50192"},"modified":"2025-11-19T10:48:58","modified_gmt":"2025-11-19T09:48:58","slug":"snezni-nindza-maska","status":"publish","type":"product","link":"https:\/\/linoexpress.com\/rs\/proizvod\/snezni-nindza-maska\/","title":{"rendered":"Sne\u017eni nind\u017ea maska"},"content":{"rendered":"","protected":false},"excerpt":{"rendered":"<p data-start=\"319\" data-end=\"669\">Snje\u017ena Ninja maska je tvoj nezamjenjivi saveznik na padinama! Kombinuje za\u0161titu, udobnost i stil u jednom. Ova multifunkcionalna maska dolazi sa odvojivom maskom za lice i nao\u010dalama protiv magljenja, koje pru\u017eaju jasnu vidljivost i potpunu za\u0161titu od vjetra, snijega i UV zraka. Savr\u0161ena za skijanje, snowboard ili bilo koju zimsku avanturu!<\/p>\n","protected":false},"featured_media":50204,"comment_status":"closed","ping_status":"closed","template":"","meta":{"inline_featured_image":false},"product_brand":[],"product_cat":[25,27,24,15,35],"product_tag":[],"class_list":{"0":"post-50192","1":"product","2":"type-product","3":"status-publish","4":"has-post-thumbnail","6":"product_cat-car","7":"product_cat-home","8":"product_cat-sale","9":"product_cat-uncategorized","10":"product_cat-fun","12":"first","13":"instock","14":"sale","15":"shipping-taxable","16":"purchasable","17":"product-type-simple"},"acf":[],"_links":{"self":[{"href":"https:\/\/linoexpress.com\/rs\/wp-json\/wp\/v2\/product\/50192","targetHints":{"allow":["GET"]}}],"collection":[{"href":"https:\/\/linoexpress.com\/rs\/wp-json\/wp\/v2\/product"}],"about":[{"href":"https:\/\/linoexpress.com\/rs\/wp-json\/wp\/v2\/types\/product"}],"replies":[{"embeddable":true,"href":"https:\/\/linoexpress.com\/rs\/wp-json\/wp\/v2\/comments?post=50192"}],"wp:featuredmedia":[{"embeddable":true,"href":"https:\/\/linoexpress.com\/rs\/wp-json\/wp\/v2\/media\/50204"}],"wp:attachment":[{"href":"https:\/\/linoexpress.com\/rs\/wp-json\/wp\/v2\/media?parent=50192"}],"wp:term":[{"taxonomy":"product_brand","embeddable":true,"href":"https:\/\/linoexpress.com\/rs\/wp-json\/wp\/v2\/product_brand?post=50192"},{"taxonomy":"product_cat","embeddable":true,"href":"https:\/\/linoexpress.com\/rs\/wp-json\/wp\/v2\/product_cat?post=50192"},{"taxonomy":"product_tag","embeddable":true,"href":"https:\/\/linoexpress.com\/rs\/wp-json\/wp\/v2\/product_tag?post=50192"}],"curies":[{"name":"wp","href":"https:\/\/api.w.org\/{rel}","templated":true}]}}