{"id":50243,"date":"2025-11-14T11:56:12","date_gmt":"2025-11-14T10:56:12","guid":{"rendered":"https:\/\/linoexpress.com\/rs\/?post_type=product&#038;p=50243"},"modified":"2025-11-19T10:49:48","modified_gmt":"2025-11-19T09:49:48","slug":"pojas-za-pravilno-drzanje","status":"publish","type":"product","link":"https:\/\/linoexpress.com\/rs\/proizvod\/pojas-za-pravilno-drzanje\/","title":{"rendered":"Pojas za pravilno dr\u017eanje"},"content":{"rendered":"","protected":false},"excerpt":{"rendered":"<p data-start=\"495\" data-end=\"721\">Ispravi svoje dr\u017eanje i rastereti le\u0111a uz udobnost laganog i prozra\u010dnog pojasa. Idealan je za svakodnevnu upotrebu, dok radi\u0161, vozi\u0161 ili se kre\u0107e\u0161. Diskretan, prakti\u010dan i prilagodljiv, pru\u017ea potporu bez ograni\u010davanja pokreta.<\/p>\n","protected":false},"featured_media":50247,"comment_status":"closed","ping_status":"closed","template":"","meta":{"inline_featured_image":false},"product_brand":[],"product_cat":[27,28,24,15,35,26],"product_tag":[],"class_list":{"0":"post-50243","1":"product","2":"type-product","3":"status-publish","4":"has-post-thumbnail","6":"product_cat-home","7":"product_cat-beauty","8":"product_cat-sale","9":"product_cat-uncategorized","10":"product_cat-fun","11":"product_cat-health","13":"first","14":"instock","15":"sale","16":"shipping-taxable","17":"purchasable","18":"product-type-simple"},"acf":[],"_links":{"self":[{"href":"https:\/\/linoexpress.com\/rs\/wp-json\/wp\/v2\/product\/50243","targetHints":{"allow":["GET"]}}],"collection":[{"href":"https:\/\/linoexpress.com\/rs\/wp-json\/wp\/v2\/product"}],"about":[{"href":"https:\/\/linoexpress.com\/rs\/wp-json\/wp\/v2\/types\/product"}],"replies":[{"embeddable":true,"href":"https:\/\/linoexpress.com\/rs\/wp-json\/wp\/v2\/comments?post=50243"}],"wp:featuredmedia":[{"embeddable":true,"href":"https:\/\/linoexpress.com\/rs\/wp-json\/wp\/v2\/media\/50247"}],"wp:attachment":[{"href":"https:\/\/linoexpress.com\/rs\/wp-json\/wp\/v2\/media?parent=50243"}],"wp:term":[{"taxonomy":"product_brand","embeddable":true,"href":"https:\/\/linoexpress.com\/rs\/wp-json\/wp\/v2\/product_brand?post=50243"},{"taxonomy":"product_cat","embeddable":true,"href":"https:\/\/linoexpress.com\/rs\/wp-json\/wp\/v2\/product_cat?post=50243"},{"taxonomy":"product_tag","embeddable":true,"href":"https:\/\/linoexpress.com\/rs\/wp-json\/wp\/v2\/product_tag?post=50243"}],"curies":[{"name":"wp","href":"https:\/\/api.w.org\/{rel}","templated":true}]}}