{"id":50264,"date":"2025-11-14T13:30:01","date_gmt":"2025-11-14T12:30:01","guid":{"rendered":"https:\/\/linoexpress.com\/rs\/?post_type=product&#038;p=50264"},"modified":"2025-11-19T10:47:08","modified_gmt":"2025-11-19T09:47:08","slug":"brijac-za-glatko-brijanje-smoothshave","status":"publish","type":"product","link":"https:\/\/linoexpress.com\/rs\/proizvod\/brijac-za-glatko-brijanje-smoothshave\/","title":{"rendered":"Brija\u010d za glatko brijanje \u2013 SmoothShave"},"content":{"rendered":"","protected":false},"excerpt":{"rendered":"<p data-start=\"495\" data-end=\"721\">Moderan brija\u010d koji omogu\u0107ava savr\u0161eno glatko brijanje bez iritacija.<br data-start=\"415\" data-end=\"418\" \/>Zahvaljuju\u0107i sigurnosnoj tehnologiji, nema posjekotina ni ogrebotina.<br data-start=\"487\" data-end=\"490\" \/>Izdr\u017eljiv, ekonomi\u010dan i jednostavan za upotrebu svakoga dana.<\/p>\n","protected":false},"featured_media":50266,"comment_status":"closed","ping_status":"closed","template":"","meta":{"inline_featured_image":false},"product_brand":[],"product_cat":[27,28,24,15,35,26],"product_tag":[],"class_list":{"0":"post-50264","1":"product","2":"type-product","3":"status-publish","4":"has-post-thumbnail","6":"product_cat-home","7":"product_cat-beauty","8":"product_cat-sale","9":"product_cat-uncategorized","10":"product_cat-fun","11":"product_cat-health","13":"first","14":"instock","15":"sale","16":"shipping-taxable","17":"purchasable","18":"product-type-simple"},"acf":[],"_links":{"self":[{"href":"https:\/\/linoexpress.com\/rs\/wp-json\/wp\/v2\/product\/50264","targetHints":{"allow":["GET"]}}],"collection":[{"href":"https:\/\/linoexpress.com\/rs\/wp-json\/wp\/v2\/product"}],"about":[{"href":"https:\/\/linoexpress.com\/rs\/wp-json\/wp\/v2\/types\/product"}],"replies":[{"embeddable":true,"href":"https:\/\/linoexpress.com\/rs\/wp-json\/wp\/v2\/comments?post=50264"}],"wp:featuredmedia":[{"embeddable":true,"href":"https:\/\/linoexpress.com\/rs\/wp-json\/wp\/v2\/media\/50266"}],"wp:attachment":[{"href":"https:\/\/linoexpress.com\/rs\/wp-json\/wp\/v2\/media?parent=50264"}],"wp:term":[{"taxonomy":"product_brand","embeddable":true,"href":"https:\/\/linoexpress.com\/rs\/wp-json\/wp\/v2\/product_brand?post=50264"},{"taxonomy":"product_cat","embeddable":true,"href":"https:\/\/linoexpress.com\/rs\/wp-json\/wp\/v2\/product_cat?post=50264"},{"taxonomy":"product_tag","embeddable":true,"href":"https:\/\/linoexpress.com\/rs\/wp-json\/wp\/v2\/product_tag?post=50264"}],"curies":[{"name":"wp","href":"https:\/\/api.w.org\/{rel}","templated":true}]}}