{"id":50406,"date":"2025-11-19T00:36:03","date_gmt":"2025-11-18T23:36:03","guid":{"rendered":"https:\/\/linoexpress.com\/rs\/proizvod\/chesup-product\/"},"modified":"2026-03-03T15:09:41","modified_gmt":"2026-03-03T14:09:41","slug":"traka-za-pomoc-pri-zgibovima-fitband-pro","status":"publish","type":"product","link":"https:\/\/linoexpress.com\/rs\/proizvod\/traka-za-pomoc-pri-zgibovima-fitband-pro\/","title":{"rendered":"Traka za pomo\u0107 pri zgibovima \u2013 FitBand Pro"},"content":{"rendered":"","protected":false},"excerpt":{"rendered":"<p>Unapredi svoj ku\u0107ni trening uz traku za zgibove koja nudi stabilnost, sigurnost i efikasnost u svakom pokretu.<\/p>\n<p>Bez spotera i bez nepotrebnog optere\u0107enja \u2013 samo ti, tvoja snaga i pametan alat za ve\u017ebanje.<\/p>\n<p>Savr\u0161ena je i za po\u010detnike i za napredne sportiste koji \u017eele da oja\u010daju gornji deo tela i usavr\u0161e tehniku zgibova.<\/p>\n","protected":false},"featured_media":50407,"comment_status":"closed","ping_status":"closed","template":"","meta":{"inline_featured_image":false},"product_brand":[],"product_cat":[27,15,35,26],"product_tag":[],"class_list":{"0":"post-50406","1":"product","2":"type-product","3":"status-publish","4":"has-post-thumbnail","6":"product_cat-home","7":"product_cat-uncategorized","8":"product_cat-fun","9":"product_cat-health","11":"first","12":"instock","13":"sale","14":"shipping-taxable","15":"purchasable","16":"product-type-simple"},"acf":[],"_links":{"self":[{"href":"https:\/\/linoexpress.com\/rs\/wp-json\/wp\/v2\/product\/50406","targetHints":{"allow":["GET"]}}],"collection":[{"href":"https:\/\/linoexpress.com\/rs\/wp-json\/wp\/v2\/product"}],"about":[{"href":"https:\/\/linoexpress.com\/rs\/wp-json\/wp\/v2\/types\/product"}],"replies":[{"embeddable":true,"href":"https:\/\/linoexpress.com\/rs\/wp-json\/wp\/v2\/comments?post=50406"}],"wp:featuredmedia":[{"embeddable":true,"href":"https:\/\/linoexpress.com\/rs\/wp-json\/wp\/v2\/media\/50407"}],"wp:attachment":[{"href":"https:\/\/linoexpress.com\/rs\/wp-json\/wp\/v2\/media?parent=50406"}],"wp:term":[{"taxonomy":"product_brand","embeddable":true,"href":"https:\/\/linoexpress.com\/rs\/wp-json\/wp\/v2\/product_brand?post=50406"},{"taxonomy":"product_cat","embeddable":true,"href":"https:\/\/linoexpress.com\/rs\/wp-json\/wp\/v2\/product_cat?post=50406"},{"taxonomy":"product_tag","embeddable":true,"href":"https:\/\/linoexpress.com\/rs\/wp-json\/wp\/v2\/product_tag?post=50406"}],"curies":[{"name":"wp","href":"https:\/\/api.w.org\/{rel}","templated":true}]}}