{"id":50422,"date":"2025-11-19T00:53:27","date_gmt":"2025-11-18T23:53:27","guid":{"rendered":"https:\/\/linoexpress.com\/rs\/proizvod\/koala-product\/"},"modified":"2025-11-19T03:03:08","modified_gmt":"2025-11-19T02:03:08","slug":"emotivna-plisana-igracka-kuschelkoala","status":"publish","type":"product","link":"https:\/\/linoexpress.com\/rs\/proizvod\/emotivna-plisana-igracka-kuschelkoala\/","title":{"rendered":"Emotivna pli\u0161ana igra\u010dka &#8211; KuschelKoala"},"content":{"rendered":"","protected":false},"excerpt":{"rendered":"<p>KuschelKoala je vi\u0161e od obi\u010dne pli\u0161ane igra\u010dke \u2013 to je mali emotivni saputnik.<\/p>\n<p>Njena mekana i mazna tekstura pru\u017ea ose\u0107aj sigurnosti, smiruje stres i usamljenost, i podsti\u010de osloba\u0111anje hormona sre\u0107e \u2013 oksitocina.<\/p>\n<p>Idealan je za decu i odrasle, bilo kod ku\u0107e, na putovanju ili kao stalni izvor utehe.<\/p>\n<p>&nbsp;<\/p>\n","protected":false},"featured_media":50423,"comment_status":"closed","ping_status":"closed","template":"","meta":{"inline_featured_image":false},"product_brand":[],"product_cat":[25,27,24,15,35,26],"product_tag":[],"class_list":{"0":"post-50422","1":"product","2":"type-product","3":"status-publish","4":"has-post-thumbnail","6":"product_cat-car","7":"product_cat-home","8":"product_cat-sale","9":"product_cat-uncategorized","10":"product_cat-fun","11":"product_cat-health","13":"first","14":"instock","15":"sale","16":"shipping-taxable","17":"purchasable","18":"product-type-simple"},"acf":[],"_links":{"self":[{"href":"https:\/\/linoexpress.com\/rs\/wp-json\/wp\/v2\/product\/50422","targetHints":{"allow":["GET"]}}],"collection":[{"href":"https:\/\/linoexpress.com\/rs\/wp-json\/wp\/v2\/product"}],"about":[{"href":"https:\/\/linoexpress.com\/rs\/wp-json\/wp\/v2\/types\/product"}],"replies":[{"embeddable":true,"href":"https:\/\/linoexpress.com\/rs\/wp-json\/wp\/v2\/comments?post=50422"}],"wp:featuredmedia":[{"embeddable":true,"href":"https:\/\/linoexpress.com\/rs\/wp-json\/wp\/v2\/media\/50423"}],"wp:attachment":[{"href":"https:\/\/linoexpress.com\/rs\/wp-json\/wp\/v2\/media?parent=50422"}],"wp:term":[{"taxonomy":"product_brand","embeddable":true,"href":"https:\/\/linoexpress.com\/rs\/wp-json\/wp\/v2\/product_brand?post=50422"},{"taxonomy":"product_cat","embeddable":true,"href":"https:\/\/linoexpress.com\/rs\/wp-json\/wp\/v2\/product_cat?post=50422"},{"taxonomy":"product_tag","embeddable":true,"href":"https:\/\/linoexpress.com\/rs\/wp-json\/wp\/v2\/product_tag?post=50422"}],"curies":[{"name":"wp","href":"https:\/\/api.w.org\/{rel}","templated":true}]}}