{"id":51401,"date":"2026-01-04T17:17:57","date_gmt":"2026-01-04T16:17:57","guid":{"rendered":"https:\/\/linoexpress.com\/rs\/?post_type=product&#038;p=51401"},"modified":"2026-02-13T09:23:07","modified_gmt":"2026-02-13T08:23:07","slug":"umiljata-robotska-macka-interaktivni-ljubimac","status":"publish","type":"product","link":"https:\/\/linoexpress.com\/rs\/proizvod\/umiljata-robotska-macka-interaktivni-ljubimac\/","title":{"rendered":"Umiljata robotska ma\u010dka &#8211; Interaktivni ljubimac"},"content":{"rendered":"","protected":false},"excerpt":{"rendered":"<p data-start=\"226\" data-end=\"452\">Ova realisti\u010dna robotska ma\u010dka hoda, mijau\u010de i prede poput prave, pru\u017eaju\u0107i deci ose\u0107aj pravog ku\u0107nog ljubimca. Izra\u0111ena je od mekog, prijatnog materijala koji je bezbedan za igru i ma\u017eenje. Idealna je za razvoj ma\u0161te, dru\u017eenje i dugotrajnu zabavu bez obaveza brige o pravoj \u017eivotinji.<\/p>\n","protected":false},"featured_media":51403,"comment_status":"closed","ping_status":"closed","template":"","meta":{"inline_featured_image":false},"product_brand":[],"product_cat":[25,27,24,15,35,26],"product_tag":[],"class_list":{"0":"post-51401","1":"product","2":"type-product","3":"status-publish","4":"has-post-thumbnail","6":"product_cat-car","7":"product_cat-home","8":"product_cat-sale","9":"product_cat-uncategorized","10":"product_cat-fun","11":"product_cat-health","13":"first","14":"instock","15":"sale","16":"shipping-taxable","17":"purchasable","18":"product-type-simple"},"acf":[],"_links":{"self":[{"href":"https:\/\/linoexpress.com\/rs\/wp-json\/wp\/v2\/product\/51401","targetHints":{"allow":["GET"]}}],"collection":[{"href":"https:\/\/linoexpress.com\/rs\/wp-json\/wp\/v2\/product"}],"about":[{"href":"https:\/\/linoexpress.com\/rs\/wp-json\/wp\/v2\/types\/product"}],"replies":[{"embeddable":true,"href":"https:\/\/linoexpress.com\/rs\/wp-json\/wp\/v2\/comments?post=51401"}],"wp:featuredmedia":[{"embeddable":true,"href":"https:\/\/linoexpress.com\/rs\/wp-json\/wp\/v2\/media\/51403"}],"wp:attachment":[{"href":"https:\/\/linoexpress.com\/rs\/wp-json\/wp\/v2\/media?parent=51401"}],"wp:term":[{"taxonomy":"product_brand","embeddable":true,"href":"https:\/\/linoexpress.com\/rs\/wp-json\/wp\/v2\/product_brand?post=51401"},{"taxonomy":"product_cat","embeddable":true,"href":"https:\/\/linoexpress.com\/rs\/wp-json\/wp\/v2\/product_cat?post=51401"},{"taxonomy":"product_tag","embeddable":true,"href":"https:\/\/linoexpress.com\/rs\/wp-json\/wp\/v2\/product_tag?post=51401"}],"curies":[{"name":"wp","href":"https:\/\/api.w.org\/{rel}","templated":true}]}}