{"id":51413,"date":"2026-01-04T19:26:09","date_gmt":"2026-01-04T18:26:09","guid":{"rendered":"https:\/\/linoexpress.com\/rs\/?post_type=product&#038;p=51413"},"modified":"2026-02-23T17:46:47","modified_gmt":"2026-02-23T16:46:47","slug":"macja-umetnicka-slagalica-set-od-135-drvenih-delova","status":"publish","type":"product","link":"https:\/\/linoexpress.com\/rs\/proizvod\/macja-umetnicka-slagalica-set-od-135-drvenih-delova\/","title":{"rendered":"Ma\u010dja umetni\u010dka slagalica &#8211; set od 135 drvenih delova"},"content":{"rendered":"","protected":false},"excerpt":{"rendered":"<p data-start=\"226\" data-end=\"452\">Ma\u010dja umetni\u010dka slagalica od 135 drvenih delova donosi ne\u017ene pastelne tonove i jedinstven oblik ma\u010dke koji pru\u017ea posebno iskustvo slaganja. Svaki deo je razli\u010dito oblikovan, \u0161to slaganje \u010dini zanimljivim, izazovnim i opu\u0161taju\u0107im u isto vreme. Nakon sastavljanja, slagalica se pretvara u dekorativni detalj koji unosi toplinu u prostor.<\/p>\n","protected":false},"featured_media":51414,"comment_status":"closed","ping_status":"closed","template":"","meta":{"inline_featured_image":false},"product_brand":[],"product_cat":[25,27,24,15,35,26],"product_tag":[],"class_list":{"0":"post-51413","1":"product","2":"type-product","3":"status-publish","4":"has-post-thumbnail","6":"product_cat-car","7":"product_cat-home","8":"product_cat-sale","9":"product_cat-uncategorized","10":"product_cat-fun","11":"product_cat-health","13":"first","14":"instock","15":"sale","16":"shipping-taxable","17":"purchasable","18":"product-type-simple"},"acf":[],"_links":{"self":[{"href":"https:\/\/linoexpress.com\/rs\/wp-json\/wp\/v2\/product\/51413","targetHints":{"allow":["GET"]}}],"collection":[{"href":"https:\/\/linoexpress.com\/rs\/wp-json\/wp\/v2\/product"}],"about":[{"href":"https:\/\/linoexpress.com\/rs\/wp-json\/wp\/v2\/types\/product"}],"replies":[{"embeddable":true,"href":"https:\/\/linoexpress.com\/rs\/wp-json\/wp\/v2\/comments?post=51413"}],"wp:featuredmedia":[{"embeddable":true,"href":"https:\/\/linoexpress.com\/rs\/wp-json\/wp\/v2\/media\/51414"}],"wp:attachment":[{"href":"https:\/\/linoexpress.com\/rs\/wp-json\/wp\/v2\/media?parent=51413"}],"wp:term":[{"taxonomy":"product_brand","embeddable":true,"href":"https:\/\/linoexpress.com\/rs\/wp-json\/wp\/v2\/product_brand?post=51413"},{"taxonomy":"product_cat","embeddable":true,"href":"https:\/\/linoexpress.com\/rs\/wp-json\/wp\/v2\/product_cat?post=51413"},{"taxonomy":"product_tag","embeddable":true,"href":"https:\/\/linoexpress.com\/rs\/wp-json\/wp\/v2\/product_tag?post=51413"}],"curies":[{"name":"wp","href":"https:\/\/api.w.org\/{rel}","templated":true}]}}