{"id":51431,"date":"2026-01-04T19:46:50","date_gmt":"2026-01-04T18:46:50","guid":{"rendered":"https:\/\/linoexpress.com\/rs\/?post_type=product&#038;p=51431"},"modified":"2026-01-04T20:04:12","modified_gmt":"2026-01-04T19:04:12","slug":"komplet-ogrlica-i-narukvica-magicni-lepti","status":"publish","type":"product","link":"https:\/\/linoexpress.com\/rs\/proizvod\/komplet-ogrlica-i-narukvica-magicni-lepti\/","title":{"rendered":"Komplet ogrlica i narukvica Magi\u010dni lepti"},"content":{"rendered":"","protected":false},"excerpt":{"rendered":"<p data-start=\"226\" data-end=\"452\">Ovaj o\u010daravaju\u0107i komplet sadr\u017ei ogrlicu i narukvicu sa plavim leptirima koji ne\u017eno svetle u mraku. Savr\u0161en je za posebne prilike ili svakodnevno no\u0161enje, dodaju\u0107i da\u0161ak magije i elegancije va\u0161em izgledu. Lagan i udoban, nosi tihu \u010daroliju koja nikada ne prolazi nezapa\u017eeno.<\/p>\n","protected":false},"featured_media":51442,"comment_status":"closed","ping_status":"closed","template":"","meta":{"inline_featured_image":false},"product_brand":[],"product_cat":[25,27,24,15,35,26],"product_tag":[],"class_list":{"0":"post-51431","1":"product","2":"type-product","3":"status-publish","4":"has-post-thumbnail","6":"product_cat-car","7":"product_cat-home","8":"product_cat-sale","9":"product_cat-uncategorized","10":"product_cat-fun","11":"product_cat-health","13":"first","14":"instock","15":"sale","16":"shipping-taxable","17":"purchasable","18":"product-type-simple"},"acf":[],"_links":{"self":[{"href":"https:\/\/linoexpress.com\/rs\/wp-json\/wp\/v2\/product\/51431","targetHints":{"allow":["GET"]}}],"collection":[{"href":"https:\/\/linoexpress.com\/rs\/wp-json\/wp\/v2\/product"}],"about":[{"href":"https:\/\/linoexpress.com\/rs\/wp-json\/wp\/v2\/types\/product"}],"replies":[{"embeddable":true,"href":"https:\/\/linoexpress.com\/rs\/wp-json\/wp\/v2\/comments?post=51431"}],"wp:featuredmedia":[{"embeddable":true,"href":"https:\/\/linoexpress.com\/rs\/wp-json\/wp\/v2\/media\/51442"}],"wp:attachment":[{"href":"https:\/\/linoexpress.com\/rs\/wp-json\/wp\/v2\/media?parent=51431"}],"wp:term":[{"taxonomy":"product_brand","embeddable":true,"href":"https:\/\/linoexpress.com\/rs\/wp-json\/wp\/v2\/product_brand?post=51431"},{"taxonomy":"product_cat","embeddable":true,"href":"https:\/\/linoexpress.com\/rs\/wp-json\/wp\/v2\/product_cat?post=51431"},{"taxonomy":"product_tag","embeddable":true,"href":"https:\/\/linoexpress.com\/rs\/wp-json\/wp\/v2\/product_tag?post=51431"}],"curies":[{"name":"wp","href":"https:\/\/api.w.org\/{rel}","templated":true}]}}