{"id":51474,"date":"2026-01-16T20:53:11","date_gmt":"2026-01-16T19:53:11","guid":{"rendered":"https:\/\/linoexpress.com\/rs\/?post_type=product&#038;p=51474"},"modified":"2026-01-16T21:05:54","modified_gmt":"2026-01-16T20:05:54","slug":"refleksna-loptica-za-vezbanje-brzine-i-koordinacije","status":"publish","type":"product","link":"https:\/\/linoexpress.com\/rs\/proizvod\/refleksna-loptica-za-vezbanje-brzine-i-koordinacije\/","title":{"rendered":"Refleksna loptica za ve\u017ebanje brzine i koordinacije"},"content":{"rendered":"","protected":false},"excerpt":{"rendered":"<p data-start=\"226\" data-end=\"452\">Refleksna boksa\u010dka loptica je prakti\u010dan trening rekvizit za pobolj\u0161anje brzine, fokusa i koordinacije ruka &#8211; oko. Idealna je za boksere, sportiste i rekreativce svih uzrasta, kao i za ku\u0107no vje\u017ebanje. Lagana, podesiva i jednostavna za kori\u0161tenje, omogu\u0107ava efikasan trening gdje god da se nalazite.<\/p>\n","protected":false},"featured_media":51479,"comment_status":"closed","ping_status":"closed","template":"","meta":{"inline_featured_image":false},"product_brand":[],"product_cat":[27,24,15,35,26],"product_tag":[],"class_list":{"0":"post-51474","1":"product","2":"type-product","3":"status-publish","4":"has-post-thumbnail","6":"product_cat-home","7":"product_cat-sale","8":"product_cat-uncategorized","9":"product_cat-fun","10":"product_cat-health","12":"first","13":"instock","14":"sale","15":"shipping-taxable","16":"purchasable","17":"product-type-simple"},"acf":[],"_links":{"self":[{"href":"https:\/\/linoexpress.com\/rs\/wp-json\/wp\/v2\/product\/51474","targetHints":{"allow":["GET"]}}],"collection":[{"href":"https:\/\/linoexpress.com\/rs\/wp-json\/wp\/v2\/product"}],"about":[{"href":"https:\/\/linoexpress.com\/rs\/wp-json\/wp\/v2\/types\/product"}],"replies":[{"embeddable":true,"href":"https:\/\/linoexpress.com\/rs\/wp-json\/wp\/v2\/comments?post=51474"}],"wp:featuredmedia":[{"embeddable":true,"href":"https:\/\/linoexpress.com\/rs\/wp-json\/wp\/v2\/media\/51479"}],"wp:attachment":[{"href":"https:\/\/linoexpress.com\/rs\/wp-json\/wp\/v2\/media?parent=51474"}],"wp:term":[{"taxonomy":"product_brand","embeddable":true,"href":"https:\/\/linoexpress.com\/rs\/wp-json\/wp\/v2\/product_brand?post=51474"},{"taxonomy":"product_cat","embeddable":true,"href":"https:\/\/linoexpress.com\/rs\/wp-json\/wp\/v2\/product_cat?post=51474"},{"taxonomy":"product_tag","embeddable":true,"href":"https:\/\/linoexpress.com\/rs\/wp-json\/wp\/v2\/product_tag?post=51474"}],"curies":[{"name":"wp","href":"https:\/\/api.w.org\/{rel}","templated":true}]}}