{"id":51493,"date":"2026-01-17T10:41:13","date_gmt":"2026-01-17T09:41:13","guid":{"rendered":"https:\/\/linoexpress.com\/rs\/?post_type=product&#038;p=51493"},"modified":"2026-01-19T10:11:37","modified_gmt":"2026-01-19T09:11:37","slug":"prenosno-crevo-sa-pumpom","status":"publish","type":"product","link":"https:\/\/linoexpress.com\/rs\/proizvod\/prenosno-crevo-sa-pumpom\/","title":{"rendered":"Prenosno crevo sa pumpom"},"content":{"rendered":"","protected":false},"excerpt":{"rendered":"<p data-start=\"314\" data-end=\"572\">Prenosna baterijska pumpa omogu\u0107ava brzo, \u010disto i bezbedno prebacivanje te\u010dnosti bez te\u0161kog dizanja. Radi na baterije i lako se koristi jednom rukom, \u0161to je \u010dini idealnom za gorivo, vodu i druge te\u010dnosti. Savr\u0161ena je za ku\u0107nu, profesionalnu i hitnu upotrebu.<\/p>\n","protected":false},"featured_media":51498,"comment_status":"closed","ping_status":"closed","template":"","meta":{"inline_featured_image":false},"product_brand":[],"product_cat":[27,24,15,35,26],"product_tag":[],"class_list":{"0":"post-51493","1":"product","2":"type-product","3":"status-publish","4":"has-post-thumbnail","6":"product_cat-home","7":"product_cat-sale","8":"product_cat-uncategorized","9":"product_cat-fun","10":"product_cat-health","12":"first","13":"instock","14":"sale","15":"shipping-taxable","16":"purchasable","17":"product-type-simple"},"acf":[],"_links":{"self":[{"href":"https:\/\/linoexpress.com\/rs\/wp-json\/wp\/v2\/product\/51493","targetHints":{"allow":["GET"]}}],"collection":[{"href":"https:\/\/linoexpress.com\/rs\/wp-json\/wp\/v2\/product"}],"about":[{"href":"https:\/\/linoexpress.com\/rs\/wp-json\/wp\/v2\/types\/product"}],"replies":[{"embeddable":true,"href":"https:\/\/linoexpress.com\/rs\/wp-json\/wp\/v2\/comments?post=51493"}],"wp:featuredmedia":[{"embeddable":true,"href":"https:\/\/linoexpress.com\/rs\/wp-json\/wp\/v2\/media\/51498"}],"wp:attachment":[{"href":"https:\/\/linoexpress.com\/rs\/wp-json\/wp\/v2\/media?parent=51493"}],"wp:term":[{"taxonomy":"product_brand","embeddable":true,"href":"https:\/\/linoexpress.com\/rs\/wp-json\/wp\/v2\/product_brand?post=51493"},{"taxonomy":"product_cat","embeddable":true,"href":"https:\/\/linoexpress.com\/rs\/wp-json\/wp\/v2\/product_cat?post=51493"},{"taxonomy":"product_tag","embeddable":true,"href":"https:\/\/linoexpress.com\/rs\/wp-json\/wp\/v2\/product_tag?post=51493"}],"curies":[{"name":"wp","href":"https:\/\/api.w.org\/{rel}","templated":true}]}}