{"id":51538,"date":"2026-01-19T01:11:52","date_gmt":"2026-01-19T00:11:52","guid":{"rendered":"https:\/\/linoexpress.com\/rs\/?post_type=product&#038;p=51538"},"modified":"2026-01-21T15:41:47","modified_gmt":"2026-01-21T14:41:47","slug":"luda-dvorisna-igra-granny-pants","status":"publish","type":"product","link":"https:\/\/linoexpress.com\/rs\/proizvod\/luda-dvorisna-igra-granny-pants\/","title":{"rendered":"Luda dvori\u0161na igra &#8211; Granny Pants"},"content":{"rendered":"","protected":false},"excerpt":{"rendered":"<p data-start=\"287\" data-end=\"644\">Zakora\u010dite u nezaboravnu zabavu uz Granny Pants, ludu dvori\u0161nu igru koja garantuje smeh, pokret i dru\u017eenje za celu porodicu i prijatelje. Savr\u0161ena je za dvori\u0161ta, ro\u0161tilje, ro\u0111endane, \u0161kolske aktivnosti i team building doga\u0111aje. Jednostavna za postavljanje, univerzalne veli\u010dine i prilago\u0111ena svim uzrastima, brzo postaje glavna atrakcija svakog okupljanja.<\/p>\n","protected":false},"featured_media":51548,"comment_status":"closed","ping_status":"closed","template":"","meta":{"inline_featured_image":false},"product_brand":[],"product_cat":[27,24,15,35,26],"product_tag":[],"class_list":{"0":"post-51538","1":"product","2":"type-product","3":"status-publish","4":"has-post-thumbnail","6":"product_cat-home","7":"product_cat-sale","8":"product_cat-uncategorized","9":"product_cat-fun","10":"product_cat-health","12":"first","13":"instock","14":"sale","15":"shipping-taxable","16":"purchasable","17":"product-type-simple"},"acf":[],"_links":{"self":[{"href":"https:\/\/linoexpress.com\/rs\/wp-json\/wp\/v2\/product\/51538","targetHints":{"allow":["GET"]}}],"collection":[{"href":"https:\/\/linoexpress.com\/rs\/wp-json\/wp\/v2\/product"}],"about":[{"href":"https:\/\/linoexpress.com\/rs\/wp-json\/wp\/v2\/types\/product"}],"replies":[{"embeddable":true,"href":"https:\/\/linoexpress.com\/rs\/wp-json\/wp\/v2\/comments?post=51538"}],"wp:featuredmedia":[{"embeddable":true,"href":"https:\/\/linoexpress.com\/rs\/wp-json\/wp\/v2\/media\/51548"}],"wp:attachment":[{"href":"https:\/\/linoexpress.com\/rs\/wp-json\/wp\/v2\/media?parent=51538"}],"wp:term":[{"taxonomy":"product_brand","embeddable":true,"href":"https:\/\/linoexpress.com\/rs\/wp-json\/wp\/v2\/product_brand?post=51538"},{"taxonomy":"product_cat","embeddable":true,"href":"https:\/\/linoexpress.com\/rs\/wp-json\/wp\/v2\/product_cat?post=51538"},{"taxonomy":"product_tag","embeddable":true,"href":"https:\/\/linoexpress.com\/rs\/wp-json\/wp\/v2\/product_tag?post=51538"}],"curies":[{"name":"wp","href":"https:\/\/api.w.org\/{rel}","templated":true}]}}