{"id":51599,"date":"2026-02-04T23:04:46","date_gmt":"2026-02-04T22:04:46","guid":{"rendered":"https:\/\/linoexpress.com\/rs\/?post_type=product&#038;p=51599"},"modified":"2026-02-05T00:25:57","modified_gmt":"2026-02-04T23:25:57","slug":"podloga-za-uzemljenje","status":"publish","type":"product","link":"https:\/\/linoexpress.com\/rs\/proizvod\/podloga-za-uzemljenje\/","title":{"rendered":"Podloga za uzemljenje"},"content":{"rendered":"","protected":false},"excerpt":{"rendered":"<p data-start=\"250\" data-end=\"538\">Podloga za uzemljenje omogu\u0107ava prirodno povezivanje tela sa zemljom i vra\u0107anje elektri\u010dne ravnote\u017ee organizma. Redovna upotreba mo\u017ee doprineti boljem snu, smanjenju stresa i ubla\u017eavanju bolova u mi\u0161i\u0107ima i zglobovima. Jednostavna je za kori\u0161\u0107enje i pogodna za dom, kancelariju ili odmor.<\/p>\n","protected":false},"featured_media":51603,"comment_status":"closed","ping_status":"closed","template":"","meta":{"inline_featured_image":false},"product_brand":[],"product_cat":[27,28,24,15,35,26],"product_tag":[],"class_list":{"0":"post-51599","1":"product","2":"type-product","3":"status-publish","4":"has-post-thumbnail","6":"product_cat-home","7":"product_cat-beauty","8":"product_cat-sale","9":"product_cat-uncategorized","10":"product_cat-fun","11":"product_cat-health","13":"first","14":"instock","15":"sale","16":"shipping-taxable","17":"purchasable","18":"product-type-simple"},"acf":[],"_links":{"self":[{"href":"https:\/\/linoexpress.com\/rs\/wp-json\/wp\/v2\/product\/51599","targetHints":{"allow":["GET"]}}],"collection":[{"href":"https:\/\/linoexpress.com\/rs\/wp-json\/wp\/v2\/product"}],"about":[{"href":"https:\/\/linoexpress.com\/rs\/wp-json\/wp\/v2\/types\/product"}],"replies":[{"embeddable":true,"href":"https:\/\/linoexpress.com\/rs\/wp-json\/wp\/v2\/comments?post=51599"}],"wp:featuredmedia":[{"embeddable":true,"href":"https:\/\/linoexpress.com\/rs\/wp-json\/wp\/v2\/media\/51603"}],"wp:attachment":[{"href":"https:\/\/linoexpress.com\/rs\/wp-json\/wp\/v2\/media?parent=51599"}],"wp:term":[{"taxonomy":"product_brand","embeddable":true,"href":"https:\/\/linoexpress.com\/rs\/wp-json\/wp\/v2\/product_brand?post=51599"},{"taxonomy":"product_cat","embeddable":true,"href":"https:\/\/linoexpress.com\/rs\/wp-json\/wp\/v2\/product_cat?post=51599"},{"taxonomy":"product_tag","embeddable":true,"href":"https:\/\/linoexpress.com\/rs\/wp-json\/wp\/v2\/product_tag?post=51599"}],"curies":[{"name":"wp","href":"https:\/\/api.w.org\/{rel}","templated":true}]}}