{"id":51620,"date":"2026-02-05T00:30:46","date_gmt":"2026-02-04T23:30:46","guid":{"rendered":"https:\/\/linoexpress.com\/rs\/?post_type=product&#038;p=51620"},"modified":"2026-02-23T17:45:55","modified_gmt":"2026-02-23T16:45:55","slug":"remeni-za-dizanje-tegova-sa-kukicama-za-zglob","status":"publish","type":"product","link":"https:\/\/linoexpress.com\/rs\/proizvod\/remeni-za-dizanje-tegova-sa-kukicama-za-zglob\/","title":{"rendered":"Remeni za dizanje tegova sa kukicama za zglob"},"content":{"rendered":"","protected":false},"excerpt":{"rendered":"<p data-start=\"255\" data-end=\"506\">Remeni za dizanje tegova pru\u017eaju sna\u017enu i stabilnu podr\u0161ku tokom ve\u017ebanja sa ve\u0107im optere\u0107enjem. Poma\u017eu u sigurnijem izvo\u0111enju pokreta i smanjuju optere\u0107enje \u0161aka i zglobova. Namenjeni su svima koji \u017eele bolju kontrolu, ja\u010di hvat i efikasniji trening.<\/p>\n","protected":false},"featured_media":51633,"comment_status":"closed","ping_status":"closed","template":"","meta":{"inline_featured_image":false},"product_brand":[],"product_cat":[27,24,15,35,26],"product_tag":[],"class_list":{"0":"post-51620","1":"product","2":"type-product","3":"status-publish","4":"has-post-thumbnail","6":"product_cat-home","7":"product_cat-sale","8":"product_cat-uncategorized","9":"product_cat-fun","10":"product_cat-health","12":"first","13":"instock","14":"sale","15":"shipping-taxable","16":"purchasable","17":"product-type-simple"},"acf":[],"_links":{"self":[{"href":"https:\/\/linoexpress.com\/rs\/wp-json\/wp\/v2\/product\/51620","targetHints":{"allow":["GET"]}}],"collection":[{"href":"https:\/\/linoexpress.com\/rs\/wp-json\/wp\/v2\/product"}],"about":[{"href":"https:\/\/linoexpress.com\/rs\/wp-json\/wp\/v2\/types\/product"}],"replies":[{"embeddable":true,"href":"https:\/\/linoexpress.com\/rs\/wp-json\/wp\/v2\/comments?post=51620"}],"wp:featuredmedia":[{"embeddable":true,"href":"https:\/\/linoexpress.com\/rs\/wp-json\/wp\/v2\/media\/51633"}],"wp:attachment":[{"href":"https:\/\/linoexpress.com\/rs\/wp-json\/wp\/v2\/media?parent=51620"}],"wp:term":[{"taxonomy":"product_brand","embeddable":true,"href":"https:\/\/linoexpress.com\/rs\/wp-json\/wp\/v2\/product_brand?post=51620"},{"taxonomy":"product_cat","embeddable":true,"href":"https:\/\/linoexpress.com\/rs\/wp-json\/wp\/v2\/product_cat?post=51620"},{"taxonomy":"product_tag","embeddable":true,"href":"https:\/\/linoexpress.com\/rs\/wp-json\/wp\/v2\/product_tag?post=51620"}],"curies":[{"name":"wp","href":"https:\/\/api.w.org\/{rel}","templated":true}]}}