{"id":51645,"date":"2026-02-06T09:23:48","date_gmt":"2026-02-06T08:23:48","guid":{"rendered":"https:\/\/linoexpress.com\/rs\/?post_type=product&#038;p=51645"},"modified":"2026-02-06T10:05:40","modified_gmt":"2026-02-06T09:05:40","slug":"lunakoala-luksuzna-plisana-koala-sa-svjetlom-zvukom-i-pokretom","status":"publish","type":"product","link":"https:\/\/linoexpress.com\/rs\/proizvod\/lunakoala-luksuzna-plisana-koala-sa-svjetlom-zvukom-i-pokretom\/","title":{"rendered":"LunaKoala &#8211; luksuzna pli\u0161ana koala sa svjetlom, zvukom i pokretom"},"content":{"rendered":"","protected":false},"excerpt":{"rendered":"<p data-start=\"235\" data-end=\"567\">LunaKoala je prefinjena pli\u0161ana igra\u010dka dizajnirana da pru\u017ei ose\u0107aj topline, bliskosti i ugode kroz dodir i pa\u017eljivo osmi\u0161ljene detalje. Njena izuzetno mekana tekstura, diskretno svetlo i tihi zvukovi stvaraju prijatan ambijent za odmor i opu\u0161tanje. Idealna je kao prva omiljena igra\u010dka koju dete voli da dr\u017ei, grli i nosi sa sobom.<\/p>\n","protected":false},"featured_media":51652,"comment_status":"closed","ping_status":"closed","template":"","meta":{"inline_featured_image":false},"product_brand":[],"product_cat":[27,24,15,35,26],"product_tag":[],"class_list":{"0":"post-51645","1":"product","2":"type-product","3":"status-publish","4":"has-post-thumbnail","6":"product_cat-home","7":"product_cat-sale","8":"product_cat-uncategorized","9":"product_cat-fun","10":"product_cat-health","12":"first","13":"instock","14":"sale","15":"shipping-taxable","16":"purchasable","17":"product-type-simple"},"acf":[],"_links":{"self":[{"href":"https:\/\/linoexpress.com\/rs\/wp-json\/wp\/v2\/product\/51645","targetHints":{"allow":["GET"]}}],"collection":[{"href":"https:\/\/linoexpress.com\/rs\/wp-json\/wp\/v2\/product"}],"about":[{"href":"https:\/\/linoexpress.com\/rs\/wp-json\/wp\/v2\/types\/product"}],"replies":[{"embeddable":true,"href":"https:\/\/linoexpress.com\/rs\/wp-json\/wp\/v2\/comments?post=51645"}],"wp:featuredmedia":[{"embeddable":true,"href":"https:\/\/linoexpress.com\/rs\/wp-json\/wp\/v2\/media\/51652"}],"wp:attachment":[{"href":"https:\/\/linoexpress.com\/rs\/wp-json\/wp\/v2\/media?parent=51645"}],"wp:term":[{"taxonomy":"product_brand","embeddable":true,"href":"https:\/\/linoexpress.com\/rs\/wp-json\/wp\/v2\/product_brand?post=51645"},{"taxonomy":"product_cat","embeddable":true,"href":"https:\/\/linoexpress.com\/rs\/wp-json\/wp\/v2\/product_cat?post=51645"},{"taxonomy":"product_tag","embeddable":true,"href":"https:\/\/linoexpress.com\/rs\/wp-json\/wp\/v2\/product_tag?post=51645"}],"curies":[{"name":"wp","href":"https:\/\/api.w.org\/{rel}","templated":true}]}}