{"id":52343,"date":"2026-02-12T23:54:53","date_gmt":"2026-02-12T22:54:53","guid":{"rendered":"https:\/\/linoexpress.com\/rs\/?post_type=product&#038;p=52343"},"modified":"2026-03-07T18:26:14","modified_gmt":"2026-03-07T17:26:14","slug":"mini-elektricni-brijac-za-precizno-i-brzo-brijanje","status":"publish","type":"product","link":"https:\/\/linoexpress.com\/rs\/proizvod\/mini-elektricni-brijac-za-precizno-i-brzo-brijanje\/","title":{"rendered":"Mini elektri\u010dni brija\u010d za precizno i brzo brijanje"},"content":{"rendered":"","protected":false},"excerpt":{"rendered":"<p data-start=\"235\" data-end=\"567\">Mini elektri\u010dni brija\u010d omogu\u0107ava brzo, uredno i ravnomerno brijanje bez iritacije ko\u017ee. Zahvaljuju\u0107i sna\u017enom motoru i preciznim o\u0161tricama, uklanja dla\u010dice lako i bez zatezanja. Idealan je za svakodnevno odr\u017eavanje urednog izgleda kod ku\u0107e ili u pokretu.<\/p>\n","protected":false},"featured_media":52348,"comment_status":"closed","ping_status":"closed","template":"","meta":{"inline_featured_image":false},"product_brand":[],"product_cat":[27,24,15,35,26],"product_tag":[],"class_list":{"0":"post-52343","1":"product","2":"type-product","3":"status-publish","4":"has-post-thumbnail","6":"product_cat-home","7":"product_cat-sale","8":"product_cat-uncategorized","9":"product_cat-fun","10":"product_cat-health","12":"first","13":"instock","14":"sale","15":"shipping-taxable","16":"purchasable","17":"product-type-simple"},"acf":[],"_links":{"self":[{"href":"https:\/\/linoexpress.com\/rs\/wp-json\/wp\/v2\/product\/52343","targetHints":{"allow":["GET"]}}],"collection":[{"href":"https:\/\/linoexpress.com\/rs\/wp-json\/wp\/v2\/product"}],"about":[{"href":"https:\/\/linoexpress.com\/rs\/wp-json\/wp\/v2\/types\/product"}],"replies":[{"embeddable":true,"href":"https:\/\/linoexpress.com\/rs\/wp-json\/wp\/v2\/comments?post=52343"}],"wp:featuredmedia":[{"embeddable":true,"href":"https:\/\/linoexpress.com\/rs\/wp-json\/wp\/v2\/media\/52348"}],"wp:attachment":[{"href":"https:\/\/linoexpress.com\/rs\/wp-json\/wp\/v2\/media?parent=52343"}],"wp:term":[{"taxonomy":"product_brand","embeddable":true,"href":"https:\/\/linoexpress.com\/rs\/wp-json\/wp\/v2\/product_brand?post=52343"},{"taxonomy":"product_cat","embeddable":true,"href":"https:\/\/linoexpress.com\/rs\/wp-json\/wp\/v2\/product_cat?post=52343"},{"taxonomy":"product_tag","embeddable":true,"href":"https:\/\/linoexpress.com\/rs\/wp-json\/wp\/v2\/product_tag?post=52343"}],"curies":[{"name":"wp","href":"https:\/\/api.w.org\/{rel}","templated":true}]}}