{"id":53835,"date":"2026-03-09T15:27:21","date_gmt":"2026-03-09T14:27:21","guid":{"rendered":"https:\/\/linoexpress.com\/rs\/?post_type=product&#038;p=53835"},"modified":"2026-03-16T11:38:16","modified_gmt":"2026-03-16T10:38:16","slug":"pametni-interaktivni-ljubimac-za-decu-pas-ili-macka","status":"publish","type":"product","link":"https:\/\/linoexpress.com\/rs\/proizvod\/pametni-interaktivni-ljubimac-za-decu-pas-ili-macka\/","title":{"rendered":"Pametni interaktivni ljubimac za decu &#8211; Pas ili Ma\u010dka"},"content":{"rendered":"","protected":false},"excerpt":{"rendered":"<p>Interaktivni pli\u0161ani ljubimac donosi deci zabavnu i zanimljivu igru kroz pokrete i zvukove. Mekan materijal i simpati\u010dan dizajn \u010dine ga savr\u0161enim prijateljem za svakodnevno dru\u017eenje i igru. Dostupan je u varijanti psa ili ma\u010dke, pa svako dete mo\u017ee izabrati svog omiljenog ljubimca.<\/p>\n","protected":false},"featured_media":53816,"comment_status":"closed","ping_status":"closed","template":"","meta":{"inline_featured_image":false},"product_brand":[],"product_cat":[25,27,24,15,35,26],"product_tag":[],"class_list":{"0":"post-53835","1":"product","2":"type-product","3":"status-publish","4":"has-post-thumbnail","6":"product_cat-car","7":"product_cat-home","8":"product_cat-sale","9":"product_cat-uncategorized","10":"product_cat-fun","11":"product_cat-health","13":"first","14":"instock","15":"sale","16":"shipping-taxable","17":"purchasable","18":"product-type-variable"},"acf":[],"_links":{"self":[{"href":"https:\/\/linoexpress.com\/rs\/wp-json\/wp\/v2\/product\/53835","targetHints":{"allow":["GET"]}}],"collection":[{"href":"https:\/\/linoexpress.com\/rs\/wp-json\/wp\/v2\/product"}],"about":[{"href":"https:\/\/linoexpress.com\/rs\/wp-json\/wp\/v2\/types\/product"}],"replies":[{"embeddable":true,"href":"https:\/\/linoexpress.com\/rs\/wp-json\/wp\/v2\/comments?post=53835"}],"wp:featuredmedia":[{"embeddable":true,"href":"https:\/\/linoexpress.com\/rs\/wp-json\/wp\/v2\/media\/53816"}],"wp:attachment":[{"href":"https:\/\/linoexpress.com\/rs\/wp-json\/wp\/v2\/media?parent=53835"}],"wp:term":[{"taxonomy":"product_brand","embeddable":true,"href":"https:\/\/linoexpress.com\/rs\/wp-json\/wp\/v2\/product_brand?post=53835"},{"taxonomy":"product_cat","embeddable":true,"href":"https:\/\/linoexpress.com\/rs\/wp-json\/wp\/v2\/product_cat?post=53835"},{"taxonomy":"product_tag","embeddable":true,"href":"https:\/\/linoexpress.com\/rs\/wp-json\/wp\/v2\/product_tag?post=53835"}],"curies":[{"name":"wp","href":"https:\/\/api.w.org\/{rel}","templated":true}]}}