{"id":54389,"date":"2026-03-26T17:14:04","date_gmt":"2026-03-26T16:14:04","guid":{"rendered":"https:\/\/linoexpress.com\/rs\/?post_type=product&#038;p=54389"},"modified":"2026-03-26T22:17:56","modified_gmt":"2026-03-26T21:17:56","slug":"refleksna-vreca-za-trening-brzine-i-snage","status":"publish","type":"product","link":"https:\/\/linoexpress.com\/rs\/proizvod\/refleksna-vreca-za-trening-brzine-i-snage\/","title":{"rendered":"Refleksna vre\u0107a za trening brzine i snage"},"content":{"rendered":"","protected":false},"excerpt":{"rendered":"<p data-start=\"255\" data-end=\"506\">Unapredite svoje reflekse, brzinu i koordinaciju uz inovativnu refleksnu vre\u0107u dizajniranu za maksimalne performanse. Zahvaljuju\u0107i stabilnoj vakuumskoj bazi i pametnom dizajnu, omogu\u0107ava intenzivan trening bez pomeranja i buke. Idealna je za ku\u0107nu upotrebu, teretanu i sve nivoe korisnika, od po\u010detnika do profesionalaca.<\/p>\n","protected":false},"featured_media":54392,"comment_status":"closed","ping_status":"closed","template":"","meta":{"inline_featured_image":false},"product_brand":[],"product_cat":[27,24,15,35,26],"product_tag":[],"class_list":{"0":"post-54389","1":"product","2":"type-product","3":"status-publish","4":"has-post-thumbnail","6":"product_cat-home","7":"product_cat-sale","8":"product_cat-uncategorized","9":"product_cat-fun","10":"product_cat-health","12":"first","13":"instock","14":"sale","15":"shipping-taxable","16":"purchasable","17":"product-type-simple"},"acf":[],"_links":{"self":[{"href":"https:\/\/linoexpress.com\/rs\/wp-json\/wp\/v2\/product\/54389","targetHints":{"allow":["GET"]}}],"collection":[{"href":"https:\/\/linoexpress.com\/rs\/wp-json\/wp\/v2\/product"}],"about":[{"href":"https:\/\/linoexpress.com\/rs\/wp-json\/wp\/v2\/types\/product"}],"replies":[{"embeddable":true,"href":"https:\/\/linoexpress.com\/rs\/wp-json\/wp\/v2\/comments?post=54389"}],"wp:featuredmedia":[{"embeddable":true,"href":"https:\/\/linoexpress.com\/rs\/wp-json\/wp\/v2\/media\/54392"}],"wp:attachment":[{"href":"https:\/\/linoexpress.com\/rs\/wp-json\/wp\/v2\/media?parent=54389"}],"wp:term":[{"taxonomy":"product_brand","embeddable":true,"href":"https:\/\/linoexpress.com\/rs\/wp-json\/wp\/v2\/product_brand?post=54389"},{"taxonomy":"product_cat","embeddable":true,"href":"https:\/\/linoexpress.com\/rs\/wp-json\/wp\/v2\/product_cat?post=54389"},{"taxonomy":"product_tag","embeddable":true,"href":"https:\/\/linoexpress.com\/rs\/wp-json\/wp\/v2\/product_tag?post=54389"}],"curies":[{"name":"wp","href":"https:\/\/api.w.org\/{rel}","templated":true}]}}