{"id":55173,"date":"2026-04-24T01:22:39","date_gmt":"2026-04-23T23:22:39","guid":{"rendered":"https:\/\/linoexpress.com\/rs\/?post_type=product&#038;p=55173"},"modified":"2026-04-24T09:48:58","modified_gmt":"2026-04-24T07:48:58","slug":"rucni-turbo-cistac","status":"publish","type":"product","link":"https:\/\/linoexpress.com\/rs\/proizvod\/rucni-turbo-cistac\/","title":{"rendered":"Ru\u010dni turbo \u010dista\u010d"},"content":{"rendered":"","protected":false},"excerpt":{"rendered":"<p>Ru\u010dni turbo \u010dista\u010d donosi sna\u017eno i brzo \u010di\u0161\u0107enje bez kablova i komplikacija. Zahvaljuju\u0107i kompaktnom dizajnu i jakom usisu, lako uklanja pra\u0161inu i ne\u010disto\u0107e i sa najte\u017ee dostupnih mesta. Idealan za dom i automobil &#8211; uvek spreman kada vam zatreba.<\/p>\n","protected":false},"featured_media":55176,"comment_status":"closed","ping_status":"closed","template":"","meta":{"inline_featured_image":false},"product_brand":[],"product_cat":[27,15],"product_tag":[],"class_list":{"0":"post-55173","1":"product","2":"type-product","3":"status-publish","4":"has-post-thumbnail","6":"product_cat-home","7":"product_cat-uncategorized","9":"first","10":"instock","11":"sale","12":"shipping-taxable","13":"purchasable","14":"product-type-simple"},"acf":[],"_links":{"self":[{"href":"https:\/\/linoexpress.com\/rs\/wp-json\/wp\/v2\/product\/55173","targetHints":{"allow":["GET"]}}],"collection":[{"href":"https:\/\/linoexpress.com\/rs\/wp-json\/wp\/v2\/product"}],"about":[{"href":"https:\/\/linoexpress.com\/rs\/wp-json\/wp\/v2\/types\/product"}],"replies":[{"embeddable":true,"href":"https:\/\/linoexpress.com\/rs\/wp-json\/wp\/v2\/comments?post=55173"}],"wp:featuredmedia":[{"embeddable":true,"href":"https:\/\/linoexpress.com\/rs\/wp-json\/wp\/v2\/media\/55176"}],"wp:attachment":[{"href":"https:\/\/linoexpress.com\/rs\/wp-json\/wp\/v2\/media?parent=55173"}],"wp:term":[{"taxonomy":"product_brand","embeddable":true,"href":"https:\/\/linoexpress.com\/rs\/wp-json\/wp\/v2\/product_brand?post=55173"},{"taxonomy":"product_cat","embeddable":true,"href":"https:\/\/linoexpress.com\/rs\/wp-json\/wp\/v2\/product_cat?post=55173"},{"taxonomy":"product_tag","embeddable":true,"href":"https:\/\/linoexpress.com\/rs\/wp-json\/wp\/v2\/product_tag?post=55173"}],"curies":[{"name":"wp","href":"https:\/\/api.w.org\/{rel}","templated":true}]}}