{"id":553,"date":"2020-12-09T13:50:56","date_gmt":"2020-12-09T12:50:56","guid":{"rendered":"https:\/\/shopium.eu\/rs\/?post_type=product&#038;p=553"},"modified":"2025-08-12T16:10:17","modified_gmt":"2025-08-12T14:10:17","slug":"toenailcorrector","status":"publish","type":"product","link":"https:\/\/linoexpress.com\/rs\/proizvod\/toenailcorrector\/","title":{"rendered":"Flaster protiv gljivica i urastanja nokta &#8211; ToenailCorrector (30 Komada)"},"content":{"rendered":"<p>Savr\u0161en proizvod\u00a0 u vidu flastera sa kojim \u0107ete opet da imate lepe i zdrave nokte i koji \u0107e vas re\u0161iti bolnog urastanja nokta kao i ukloniti i spre\u010diti nastanak gljivica potpuno sigurno i jednostavno.<\/p>\n","protected":false},"excerpt":{"rendered":"<p>Savr\u0161en proizvod\u00a0 u vidu flastera sa kojim \u0107ete opet da imate lepe i zdrave nokte i koji \u0107e vas re\u0161iti bolnog urastanja nokta kao i ukloniti i spre\u010diti nastanak gljivica potpuno sigurno i jednostavno.<\/p>\n","protected":false},"featured_media":558,"comment_status":"closed","ping_status":"closed","template":"","meta":{"inline_featured_image":false},"product_brand":[],"product_cat":[15,26],"product_tag":[],"class_list":{"0":"post-553","1":"product","2":"type-product","3":"status-publish","4":"has-post-thumbnail","6":"product_cat-uncategorized","7":"product_cat-health","9":"first","10":"instock","11":"sale","12":"shipping-taxable","13":"purchasable","14":"product-type-simple"},"acf":[],"_links":{"self":[{"href":"https:\/\/linoexpress.com\/rs\/wp-json\/wp\/v2\/product\/553","targetHints":{"allow":["GET"]}}],"collection":[{"href":"https:\/\/linoexpress.com\/rs\/wp-json\/wp\/v2\/product"}],"about":[{"href":"https:\/\/linoexpress.com\/rs\/wp-json\/wp\/v2\/types\/product"}],"replies":[{"embeddable":true,"href":"https:\/\/linoexpress.com\/rs\/wp-json\/wp\/v2\/comments?post=553"}],"wp:featuredmedia":[{"embeddable":true,"href":"https:\/\/linoexpress.com\/rs\/wp-json\/wp\/v2\/media\/558"}],"wp:attachment":[{"href":"https:\/\/linoexpress.com\/rs\/wp-json\/wp\/v2\/media?parent=553"}],"wp:term":[{"taxonomy":"product_brand","embeddable":true,"href":"https:\/\/linoexpress.com\/rs\/wp-json\/wp\/v2\/product_brand?post=553"},{"taxonomy":"product_cat","embeddable":true,"href":"https:\/\/linoexpress.com\/rs\/wp-json\/wp\/v2\/product_cat?post=553"},{"taxonomy":"product_tag","embeddable":true,"href":"https:\/\/linoexpress.com\/rs\/wp-json\/wp\/v2\/product_tag?post=553"}],"curies":[{"name":"wp","href":"https:\/\/api.w.org\/{rel}","templated":true}]}}