{"id":55399,"date":"2026-05-11T10:59:58","date_gmt":"2026-05-11T08:59:58","guid":{"rendered":"https:\/\/linoexpress.com\/rs\/?post_type=product&#038;p=55399"},"modified":"2026-05-11T13:12:48","modified_gmt":"2026-05-11T11:12:48","slug":"snazni-bezicni-usisivac-za-ceo-dom","status":"publish","type":"product","link":"https:\/\/linoexpress.com\/rs\/proizvod\/snazni-bezicni-usisivac-za-ceo-dom\/","title":{"rendered":"Sna\u017eni be\u017ei\u010dni usisiva\u010d za ceo dom"},"content":{"rendered":"","protected":false},"excerpt":{"rendered":"<p>Sna\u017ean be\u017ei\u010dni usisiva\u010d omogu\u0107ava brzo i lako \u010di\u0161\u0107enje svih povr\u0161ina u domu bez zamaranja i petljanja sa kablovima. Napredan sistem filtracije zadr\u017eava sitnu pra\u0161inu i doprinosi \u010distijem vazduhu u prostoru. Lagan dizajn, dugo trajanje baterije i vi\u0161e nastavaka \u010dine ga idealnim za svakodnevno \u010di\u0161\u0107enje podova, tepiha, name\u0161taja i automobila.<\/p>\n","protected":false},"featured_media":55415,"comment_status":"closed","ping_status":"closed","template":"","meta":{"inline_featured_image":false},"product_brand":[],"product_cat":[27,15],"product_tag":[],"class_list":{"0":"post-55399","1":"product","2":"type-product","3":"status-publish","4":"has-post-thumbnail","6":"product_cat-home","7":"product_cat-uncategorized","9":"first","10":"instock","11":"sale","12":"shipping-taxable","13":"purchasable","14":"product-type-simple"},"acf":[],"_links":{"self":[{"href":"https:\/\/linoexpress.com\/rs\/wp-json\/wp\/v2\/product\/55399","targetHints":{"allow":["GET"]}}],"collection":[{"href":"https:\/\/linoexpress.com\/rs\/wp-json\/wp\/v2\/product"}],"about":[{"href":"https:\/\/linoexpress.com\/rs\/wp-json\/wp\/v2\/types\/product"}],"replies":[{"embeddable":true,"href":"https:\/\/linoexpress.com\/rs\/wp-json\/wp\/v2\/comments?post=55399"}],"wp:featuredmedia":[{"embeddable":true,"href":"https:\/\/linoexpress.com\/rs\/wp-json\/wp\/v2\/media\/55415"}],"wp:attachment":[{"href":"https:\/\/linoexpress.com\/rs\/wp-json\/wp\/v2\/media?parent=55399"}],"wp:term":[{"taxonomy":"product_brand","embeddable":true,"href":"https:\/\/linoexpress.com\/rs\/wp-json\/wp\/v2\/product_brand?post=55399"},{"taxonomy":"product_cat","embeddable":true,"href":"https:\/\/linoexpress.com\/rs\/wp-json\/wp\/v2\/product_cat?post=55399"},{"taxonomy":"product_tag","embeddable":true,"href":"https:\/\/linoexpress.com\/rs\/wp-json\/wp\/v2\/product_tag?post=55399"}],"curies":[{"name":"wp","href":"https:\/\/api.w.org\/{rel}","templated":true}]}}