{"id":621,"date":"2020-12-11T10:15:28","date_gmt":"2020-12-11T09:15:28","guid":{"rendered":"https:\/\/shopium.eu\/rs\/?post_type=product&#038;p=621"},"modified":"2023-05-20T10:31:03","modified_gmt":"2023-05-20T08:31:03","slug":"rasklopiva-mreza-za-jednostavno-hvatanje-ribe-fishet","status":"publish","type":"product","link":"https:\/\/linoexpress.com\/rs\/proizvod\/rasklopiva-mreza-za-jednostavno-hvatanje-ribe-fishet\/","title":{"rendered":"Rasklopiva mre\u017ea za jednostavno hvatanje ribe &#8211; Fishet"},"content":{"rendered":"<p>Ukoliko ste istinski ljubitelj pecanja a pri tome volite bogat i veliki ulov sa ovom super prakti\u010dnom i jednostavnom mre\u017eom spojite u\u017eitak sa korisnim i iskoristite najbolje od pecanja!<\/p>\n","protected":false},"excerpt":{"rendered":"<p>Ukoliko ste istinski ljubitelj pecanja a pri tome volite bogat i veliki ulov sa ovom super prakti\u010dnom i jednostavnom mre\u017eom spojite u\u017eitak sa korisnim i iskoristite najbolje od pecanja!<\/p>\n","protected":false},"featured_media":7754,"comment_status":"closed","ping_status":"closed","template":"","meta":{"inline_featured_image":false},"product_brand":[],"product_cat":[15,35],"product_tag":[],"class_list":{"0":"post-621","1":"product","2":"type-product","3":"status-publish","4":"has-post-thumbnail","6":"product_cat-uncategorized","7":"product_cat-fun","9":"first","10":"instock","11":"sale","12":"shipping-taxable","13":"purchasable","14":"product-type-simple"},"acf":[],"_links":{"self":[{"href":"https:\/\/linoexpress.com\/rs\/wp-json\/wp\/v2\/product\/621","targetHints":{"allow":["GET"]}}],"collection":[{"href":"https:\/\/linoexpress.com\/rs\/wp-json\/wp\/v2\/product"}],"about":[{"href":"https:\/\/linoexpress.com\/rs\/wp-json\/wp\/v2\/types\/product"}],"replies":[{"embeddable":true,"href":"https:\/\/linoexpress.com\/rs\/wp-json\/wp\/v2\/comments?post=621"}],"wp:featuredmedia":[{"embeddable":true,"href":"https:\/\/linoexpress.com\/rs\/wp-json\/wp\/v2\/media\/7754"}],"wp:attachment":[{"href":"https:\/\/linoexpress.com\/rs\/wp-json\/wp\/v2\/media?parent=621"}],"wp:term":[{"taxonomy":"product_brand","embeddable":true,"href":"https:\/\/linoexpress.com\/rs\/wp-json\/wp\/v2\/product_brand?post=621"},{"taxonomy":"product_cat","embeddable":true,"href":"https:\/\/linoexpress.com\/rs\/wp-json\/wp\/v2\/product_cat?post=621"},{"taxonomy":"product_tag","embeddable":true,"href":"https:\/\/linoexpress.com\/rs\/wp-json\/wp\/v2\/product_tag?post=621"}],"curies":[{"name":"wp","href":"https:\/\/api.w.org\/{rel}","templated":true}]}}