{"id":6420,"date":"2021-03-02T17:15:48","date_gmt":"2021-03-02T16:15:48","guid":{"rendered":"https:\/\/shopium.eu\/rs\/?post_type=product&#038;p=6420"},"modified":"2021-10-06T15:32:22","modified_gmt":"2021-10-06T13:32:22","slug":"prskalica-vode-pod-visokim-pritiskom-jetgun","status":"publish","type":"product","link":"https:\/\/linoexpress.com\/rs\/proizvod\/prskalica-vode-pod-visokim-pritiskom-jetgun\/","title":{"rendered":"Prskalica vode pod visokim pritiskom &#8211; JetGun"},"content":{"rendered":"","protected":false},"excerpt":{"rendered":"<p>Ne morate se vi\u0161e mu\u010diti oko \u010di\u0161\u0107enja doma\u0107instva ili pranja automobila! Uz ovaj proizvod sve to mo\u017eete uraditi brzo i bez muke.<\/p>\n","protected":false},"featured_media":6425,"comment_status":"closed","ping_status":"closed","template":"","meta":{"inline_featured_image":false},"product_brand":[],"product_cat":[25,27,24,15],"product_tag":[],"class_list":{"0":"post-6420","1":"product","2":"type-product","3":"status-publish","4":"has-post-thumbnail","6":"product_cat-car","7":"product_cat-home","8":"product_cat-sale","9":"product_cat-uncategorized","11":"first","12":"instock","13":"sale","14":"shipping-taxable","15":"purchasable","16":"product-type-simple"},"acf":[],"_links":{"self":[{"href":"https:\/\/linoexpress.com\/rs\/wp-json\/wp\/v2\/product\/6420","targetHints":{"allow":["GET"]}}],"collection":[{"href":"https:\/\/linoexpress.com\/rs\/wp-json\/wp\/v2\/product"}],"about":[{"href":"https:\/\/linoexpress.com\/rs\/wp-json\/wp\/v2\/types\/product"}],"replies":[{"embeddable":true,"href":"https:\/\/linoexpress.com\/rs\/wp-json\/wp\/v2\/comments?post=6420"}],"wp:featuredmedia":[{"embeddable":true,"href":"https:\/\/linoexpress.com\/rs\/wp-json\/wp\/v2\/media\/6425"}],"wp:attachment":[{"href":"https:\/\/linoexpress.com\/rs\/wp-json\/wp\/v2\/media?parent=6420"}],"wp:term":[{"taxonomy":"product_brand","embeddable":true,"href":"https:\/\/linoexpress.com\/rs\/wp-json\/wp\/v2\/product_brand?post=6420"},{"taxonomy":"product_cat","embeddable":true,"href":"https:\/\/linoexpress.com\/rs\/wp-json\/wp\/v2\/product_cat?post=6420"},{"taxonomy":"product_tag","embeddable":true,"href":"https:\/\/linoexpress.com\/rs\/wp-json\/wp\/v2\/product_tag?post=6420"}],"curies":[{"name":"wp","href":"https:\/\/api.w.org\/{rel}","templated":true}]}}