{"id":104,"date":"2020-10-28T10:57:46","date_gmt":"2020-10-28T10:57:46","guid":{"rendered":"https:\/\/shopium.eu\/si\/?page_id=104"},"modified":"2026-02-10T17:48:34","modified_gmt":"2026-02-10T16:48:34","slug":"about-us","status":"publish","type":"page","link":"https:\/\/linoexpress.com\/si\/about-us\/","title":{"rendered":"O nas"},"content":{"rendered":"<p>Na\u0161e razmi\u0161ljanje skozi prizmo BRAND-a &#8211; kdo smo in zakaj obstajamo tako dolgo?<\/p>\n<p>V dana\u0161njem natrpanem \u017eivljenjskem slogu vsako podjetje temelji na ustvarjanju \u010dim ve\u010djega dobi\u010dka. A tudi to se premaguje v skladu z vsakodnevnimi spremembami v svetu in zgolj dobi\u010dek preprosto ni ve\u010d dovolj kot doseganje cilja le ene strani.<\/p>\n<p>V\u010dasih je najbolje pogledati stvari z drugega zornega kota, pogosto bolj realisti\u010dnega, da bi videli, kaj je v resnici potrebno, da premagate stopni\u010dko vi\u0161je.<\/p>\n<p>V skladu s tem smo v letu 2018 za\u010deli anketirati ljudi s primarnim ciljem ugotoviti, kaj ljudje resni\u010dno potrebujejo v vsakdanjem \u017eivljenju, in temu prilagodili na\u0161 poslovni model.<\/p>\n<p>&nbsp;<\/p>\n<p>Na\u0161 cilj:<\/p>\n<p>Globalni internetni trg je preplavljen z nepregledno koli\u010dino izdelkov, ki se ponujajo z vsega sveta in \u017ee samo naro\u010danje le-teh je velik problem in zaplet, zato so ljudje do tak\u0161nih stvari zadr\u017eani.<\/p>\n<p>Te\u017eko postane lo\u010diti, katera spletna trgovina ima dobro razvit poslovni model in organizacijo na visoki ravni, kjer je na prvem mestu stranka in varno nakupovanje!<\/p>\n<p>Vse to ne bi smeli biti razlogi, da ne moremo u\u017eivati \u200b\u200bv zanimivih stvareh, ki so nam na voljo samo na spletu, zato smo tukaj, da vam slu\u017eimo kot filter in varna mo\u017enost za radovedne\u017ee, kot smo mi.<\/p>\n<p>V skladu z globalnim internetnim trgom, ki ga nenehno spremljamo, \u017eelimo na enem mestu zbrati vse najbolj\u0161e in najpotrebnej\u0161e trendovske izdelke, ki vas bodo osre\u010dili in olaj\u0161ali vsakdan.<\/p>\n<p>Eden izmed parametrov, ki se je v na\u0161i raziskavi izkazal za predvsem pomembnega, je hitra dostava, zato v skladu s tem vse izdelke, ki smo jih prikazali na spletni strani, hranimo v realni zalogi v na\u0161ih skladi\u0161\u010dih v Evropi, tako da so na voljo.<\/p>\n<p>zdaj in zdaj!<\/p>\n<p>Najpomembnej\u0161a je seveda kakovost izdelka, zato vsak posamezen izdelek, preden ga damo na trg, skrbno testiramo in preverimo vse funkcionalnosti, da se prepri\u010damo, da izdelek res ustreza prikazanim standardom kakovosti.<\/p>\n<p>Na\u0161 moto:<\/p>\n<p>Mi skautiramo trg zaradi vas in i\u0161\u010demo produkte kateri so vam v\u0161e\u010d &#8211; brez va\u0161ega tveganja!<\/p>\n<p>Podjetje: ECTCEU d.o.o.<\/p>\n<p>Naslov: Gmajnica 73b, 1218 Koemnda, Slovenija<\/p>\n<p>Dav\u010dna \u0161tevilka: 37400233<\/p>\n<p>Registrska \u0161tevilka:\u00a0 8477493000<\/p>\n<p>&nbsp;<\/p>\n<p><strong>Za vse reklamacije in menjave upo\u0161tevajte spodnji NASLOV:<\/strong><\/p>\n<p><strong>ECTCEU d.o.o.<\/strong><\/p>\n<p><strong>Kamni\u0161ka cesta 24, 1235 Radomlje, Slovenia<\/strong><\/p>\n","protected":false},"excerpt":{"rendered":"<p>Na\u0161e razmi\u0161ljanje skozi prizmo BRAND-a &#8211; kdo smo in zakaj obstajamo tako dolgo? V dana\u0161njem natrpanem \u017eivljenjskem slogu vsako podjetje temelji na ustvarjanju \u010dim ve\u010djega dobi\u010dka. A tudi to se premaguje v skladu z vsakodnevnimi spremembami v svetu in zgolj dobi\u010dek preprosto ni ve\u010d dovolj kot doseganje cilja le ene strani. V\u010dasih je najbolje pogledati &hellip; <a href=\"https:\/\/linoexpress.com\/si\/about-us\/\">Continued<\/a><\/p>\n","protected":false},"author":1,"featured_media":0,"parent":0,"menu_order":0,"comment_status":"closed","ping_status":"closed","template":"","meta":{"inline_featured_image":false,"footnotes":""},"class_list":["post-104","page","type-page","status-publish","hentry"],"acf":[],"_links":{"self":[{"href":"https:\/\/linoexpress.com\/si\/wp-json\/wp\/v2\/pages\/104","targetHints":{"allow":["GET"]}}],"collection":[{"href":"https:\/\/linoexpress.com\/si\/wp-json\/wp\/v2\/pages"}],"about":[{"href":"https:\/\/linoexpress.com\/si\/wp-json\/wp\/v2\/types\/page"}],"author":[{"embeddable":true,"href":"https:\/\/linoexpress.com\/si\/wp-json\/wp\/v2\/users\/1"}],"replies":[{"embeddable":true,"href":"https:\/\/linoexpress.com\/si\/wp-json\/wp\/v2\/comments?post=104"}],"version-history":[{"count":5,"href":"https:\/\/linoexpress.com\/si\/wp-json\/wp\/v2\/pages\/104\/revisions"}],"predecessor-version":[{"id":4707,"href":"https:\/\/linoexpress.com\/si\/wp-json\/wp\/v2\/pages\/104\/revisions\/4707"}],"wp:attachment":[{"href":"https:\/\/linoexpress.com\/si\/wp-json\/wp\/v2\/media?parent=104"}],"curies":[{"name":"wp","href":"https:\/\/api.w.org\/{rel}","templated":true}]}}