{"id":1721,"date":"2024-03-11T15:16:36","date_gmt":"2024-03-11T14:16:36","guid":{"rendered":"https:\/\/linoexpress.com\/si\/?post_type=product&#038;p=1721"},"modified":"2024-06-11T10:57:21","modified_gmt":"2024-06-11T08:57:21","slug":"magnetna-knjiga-za-urejanje-lutk","status":"publish","type":"product","link":"https:\/\/linoexpress.com\/si\/proizvod\/magnetna-knjiga-za-urejanje-lutk\/","title":{"rendered":"Magnetna knjiga za urejanje lutk"},"content":{"rendered":"","protected":false},"excerpt":{"rendered":"<p>Idealno darilo za deklice! Sestavljanje obla\u010dil in modnih kombinacij \u0161e nikoli ni bilo la\u017eje in bolj zabavno!<\/p>\n","protected":false},"featured_media":1732,"comment_status":"closed","ping_status":"closed","template":"","meta":{"inline_featured_image":false},"product_brand":[],"product_cat":[15,43],"product_tag":[],"class_list":{"0":"post-1721","1":"product","2":"type-product","3":"status-publish","4":"has-post-thumbnail","6":"product_cat-uncategorized","7":"product_cat-fun","9":"first","10":"instock","11":"sale","12":"taxable","13":"shipping-taxable","14":"purchasable","15":"product-type-variable"},"acf":[],"_links":{"self":[{"href":"https:\/\/linoexpress.com\/si\/wp-json\/wp\/v2\/product\/1721","targetHints":{"allow":["GET"]}}],"collection":[{"href":"https:\/\/linoexpress.com\/si\/wp-json\/wp\/v2\/product"}],"about":[{"href":"https:\/\/linoexpress.com\/si\/wp-json\/wp\/v2\/types\/product"}],"replies":[{"embeddable":true,"href":"https:\/\/linoexpress.com\/si\/wp-json\/wp\/v2\/comments?post=1721"}],"wp:featuredmedia":[{"embeddable":true,"href":"https:\/\/linoexpress.com\/si\/wp-json\/wp\/v2\/media\/1732"}],"wp:attachment":[{"href":"https:\/\/linoexpress.com\/si\/wp-json\/wp\/v2\/media?parent=1721"}],"wp:term":[{"taxonomy":"product_brand","embeddable":true,"href":"https:\/\/linoexpress.com\/si\/wp-json\/wp\/v2\/product_brand?post=1721"},{"taxonomy":"product_cat","embeddable":true,"href":"https:\/\/linoexpress.com\/si\/wp-json\/wp\/v2\/product_cat?post=1721"},{"taxonomy":"product_tag","embeddable":true,"href":"https:\/\/linoexpress.com\/si\/wp-json\/wp\/v2\/product_tag?post=1721"}],"curies":[{"name":"wp","href":"https:\/\/api.w.org\/{rel}","templated":true}]}}