{"id":1848,"date":"2024-06-04T14:05:56","date_gmt":"2024-06-04T12:05:56","guid":{"rendered":"https:\/\/linoexpress.com\/si\/?post_type=product&#038;p=1848"},"modified":"2024-06-19T13:35:10","modified_gmt":"2024-06-19T11:35:10","slug":"plasticni-navoji-za-cevi-6-kom","status":"publish","type":"product","link":"https:\/\/linoexpress.com\/si\/proizvod\/plasticni-navoji-za-cevi-6-kom\/","title":{"rendered":"Plasti\u010dni navoji za cevi &#8211; 6 kom"},"content":{"rendered":"","protected":false},"excerpt":{"rendered":"<p>Odli\u010den komplet niti za hitro in u\u010dinkovito delo. Vse kar potrebujete za kvalitetno popravilo razli\u010dnih vrst cevi!<\/p>\n","protected":false},"featured_media":1851,"comment_status":"closed","ping_status":"closed","template":"","meta":{"inline_featured_image":false},"product_brand":[],"product_cat":[27,15],"product_tag":[],"class_list":{"0":"post-1848","1":"product","2":"type-product","3":"status-publish","4":"has-post-thumbnail","6":"product_cat-home","7":"product_cat-uncategorized","9":"first","10":"instock","11":"sale","12":"taxable","13":"shipping-taxable","14":"purchasable","15":"product-type-simple"},"acf":[],"_links":{"self":[{"href":"https:\/\/linoexpress.com\/si\/wp-json\/wp\/v2\/product\/1848","targetHints":{"allow":["GET"]}}],"collection":[{"href":"https:\/\/linoexpress.com\/si\/wp-json\/wp\/v2\/product"}],"about":[{"href":"https:\/\/linoexpress.com\/si\/wp-json\/wp\/v2\/types\/product"}],"replies":[{"embeddable":true,"href":"https:\/\/linoexpress.com\/si\/wp-json\/wp\/v2\/comments?post=1848"}],"wp:featuredmedia":[{"embeddable":true,"href":"https:\/\/linoexpress.com\/si\/wp-json\/wp\/v2\/media\/1851"}],"wp:attachment":[{"href":"https:\/\/linoexpress.com\/si\/wp-json\/wp\/v2\/media?parent=1848"}],"wp:term":[{"taxonomy":"product_brand","embeddable":true,"href":"https:\/\/linoexpress.com\/si\/wp-json\/wp\/v2\/product_brand?post=1848"},{"taxonomy":"product_cat","embeddable":true,"href":"https:\/\/linoexpress.com\/si\/wp-json\/wp\/v2\/product_cat?post=1848"},{"taxonomy":"product_tag","embeddable":true,"href":"https:\/\/linoexpress.com\/si\/wp-json\/wp\/v2\/product_tag?post=1848"}],"curies":[{"name":"wp","href":"https:\/\/api.w.org\/{rel}","templated":true}]}}