{"id":2103,"date":"2024-09-10T09:08:32","date_gmt":"2024-09-10T07:08:32","guid":{"rendered":"https:\/\/linoexpress.com\/si\/?post_type=product&#038;p=2103"},"modified":"2025-07-24T14:25:30","modified_gmt":"2025-07-24T12:25:30","slug":"mocan-deaktivator-magnetizatorja","status":"publish","type":"product","link":"https:\/\/linoexpress.com\/si\/proizvod\/mocan-deaktivator-magnetizatorja\/","title":{"rendered":"Mo\u010dan deaktivator magnetizatorja"},"content":{"rendered":"","protected":false},"excerpt":{"rendered":"<p>Ne samo, da odstrani oznake in za\u0161\u010dito z obla\u010dil, ta deaktivator vam prihrani \u010das in denar!<\/p>\n","protected":false},"featured_media":2105,"comment_status":"closed","ping_status":"closed","template":"","meta":{"inline_featured_image":false},"product_brand":[],"product_cat":[27,15],"product_tag":[],"class_list":{"0":"post-2103","1":"product","2":"type-product","3":"status-publish","4":"has-post-thumbnail","6":"product_cat-home","7":"product_cat-uncategorized","9":"first","10":"instock","11":"sale","12":"taxable","13":"shipping-taxable","14":"purchasable","15":"product-type-simple"},"acf":[],"_links":{"self":[{"href":"https:\/\/linoexpress.com\/si\/wp-json\/wp\/v2\/product\/2103","targetHints":{"allow":["GET"]}}],"collection":[{"href":"https:\/\/linoexpress.com\/si\/wp-json\/wp\/v2\/product"}],"about":[{"href":"https:\/\/linoexpress.com\/si\/wp-json\/wp\/v2\/types\/product"}],"replies":[{"embeddable":true,"href":"https:\/\/linoexpress.com\/si\/wp-json\/wp\/v2\/comments?post=2103"}],"wp:featuredmedia":[{"embeddable":true,"href":"https:\/\/linoexpress.com\/si\/wp-json\/wp\/v2\/media\/2105"}],"wp:attachment":[{"href":"https:\/\/linoexpress.com\/si\/wp-json\/wp\/v2\/media?parent=2103"}],"wp:term":[{"taxonomy":"product_brand","embeddable":true,"href":"https:\/\/linoexpress.com\/si\/wp-json\/wp\/v2\/product_brand?post=2103"},{"taxonomy":"product_cat","embeddable":true,"href":"https:\/\/linoexpress.com\/si\/wp-json\/wp\/v2\/product_cat?post=2103"},{"taxonomy":"product_tag","embeddable":true,"href":"https:\/\/linoexpress.com\/si\/wp-json\/wp\/v2\/product_tag?post=2103"}],"curies":[{"name":"wp","href":"https:\/\/api.w.org\/{rel}","templated":true}]}}