{"id":2177,"date":"2024-09-24T12:37:01","date_gmt":"2024-09-24T10:37:01","guid":{"rendered":"https:\/\/linoexpress.com\/si\/?post_type=product&#038;p=2177"},"modified":"2024-10-14T11:05:25","modified_gmt":"2024-10-14T09:05:25","slug":"11-gratis-sparovcek-za-varcevanje-denarja","status":"publish","type":"product","link":"https:\/\/linoexpress.com\/si\/proizvod\/11-gratis-sparovcek-za-varcevanje-denarja\/","title":{"rendered":"1+1 GRATIS \u0160parov\u010dek za var\u010devanje denarja"},"content":{"rendered":"","protected":false},"excerpt":{"rendered":"<p>Ta prakti\u010dna \u0161katla var\u010devalnega na\u010drta vas bo preprosto in enostavno pripeljala do cilja. Prihranite denar brez stresa in na zabaven na\u010din!<\/p>\n","protected":false},"featured_media":1813,"comment_status":"closed","ping_status":"closed","template":"","meta":{"inline_featured_image":false},"product_brand":[],"product_cat":[15,43],"product_tag":[],"class_list":{"0":"post-2177","1":"product","2":"type-product","3":"status-publish","4":"has-post-thumbnail","6":"product_cat-uncategorized","7":"product_cat-fun","9":"first","10":"instock","11":"sale","12":"taxable","13":"shipping-taxable","14":"purchasable","15":"product-type-simple"},"acf":[],"_links":{"self":[{"href":"https:\/\/linoexpress.com\/si\/wp-json\/wp\/v2\/product\/2177","targetHints":{"allow":["GET"]}}],"collection":[{"href":"https:\/\/linoexpress.com\/si\/wp-json\/wp\/v2\/product"}],"about":[{"href":"https:\/\/linoexpress.com\/si\/wp-json\/wp\/v2\/types\/product"}],"replies":[{"embeddable":true,"href":"https:\/\/linoexpress.com\/si\/wp-json\/wp\/v2\/comments?post=2177"}],"wp:featuredmedia":[{"embeddable":true,"href":"https:\/\/linoexpress.com\/si\/wp-json\/wp\/v2\/media\/1813"}],"wp:attachment":[{"href":"https:\/\/linoexpress.com\/si\/wp-json\/wp\/v2\/media?parent=2177"}],"wp:term":[{"taxonomy":"product_brand","embeddable":true,"href":"https:\/\/linoexpress.com\/si\/wp-json\/wp\/v2\/product_brand?post=2177"},{"taxonomy":"product_cat","embeddable":true,"href":"https:\/\/linoexpress.com\/si\/wp-json\/wp\/v2\/product_cat?post=2177"},{"taxonomy":"product_tag","embeddable":true,"href":"https:\/\/linoexpress.com\/si\/wp-json\/wp\/v2\/product_tag?post=2177"}],"curies":[{"name":"wp","href":"https:\/\/api.w.org\/{rel}","templated":true}]}}