{"id":2264,"date":"2024-10-30T15:38:15","date_gmt":"2024-10-30T14:38:15","guid":{"rendered":"https:\/\/linoexpress.com\/si\/?post_type=product&#038;p=2264"},"modified":"2024-12-02T10:58:28","modified_gmt":"2024-12-02T09:58:28","slug":"glasbena-skrinjica-bozicnega-vlaka","status":"publish","type":"product","link":"https:\/\/linoexpress.com\/si\/proizvod\/glasbena-skrinjica-bozicnega-vlaka\/","title":{"rendered":"Glasbena skrinjica bo\u017ei\u010dnega vlaka"},"content":{"rendered":"","protected":false},"excerpt":{"rendered":"<p>Retro dizajn vlakca s \u010dudovitimi bo\u017ei\u010dnimi motivi in \u200b\u200bprazni\u010dno glasbo je idealen okras v vsakem prostoru!<\/p>\n","protected":false},"featured_media":2265,"comment_status":"closed","ping_status":"closed","template":"","meta":{"inline_featured_image":false},"product_brand":[],"product_cat":[15,43],"product_tag":[],"class_list":{"0":"post-2264","1":"product","2":"type-product","3":"status-publish","4":"has-post-thumbnail","6":"product_cat-uncategorized","7":"product_cat-fun","9":"first","10":"instock","11":"sale","12":"taxable","13":"shipping-taxable","14":"purchasable","15":"product-type-simple"},"acf":[],"_links":{"self":[{"href":"https:\/\/linoexpress.com\/si\/wp-json\/wp\/v2\/product\/2264","targetHints":{"allow":["GET"]}}],"collection":[{"href":"https:\/\/linoexpress.com\/si\/wp-json\/wp\/v2\/product"}],"about":[{"href":"https:\/\/linoexpress.com\/si\/wp-json\/wp\/v2\/types\/product"}],"replies":[{"embeddable":true,"href":"https:\/\/linoexpress.com\/si\/wp-json\/wp\/v2\/comments?post=2264"}],"wp:featuredmedia":[{"embeddable":true,"href":"https:\/\/linoexpress.com\/si\/wp-json\/wp\/v2\/media\/2265"}],"wp:attachment":[{"href":"https:\/\/linoexpress.com\/si\/wp-json\/wp\/v2\/media?parent=2264"}],"wp:term":[{"taxonomy":"product_brand","embeddable":true,"href":"https:\/\/linoexpress.com\/si\/wp-json\/wp\/v2\/product_brand?post=2264"},{"taxonomy":"product_cat","embeddable":true,"href":"https:\/\/linoexpress.com\/si\/wp-json\/wp\/v2\/product_cat?post=2264"},{"taxonomy":"product_tag","embeddable":true,"href":"https:\/\/linoexpress.com\/si\/wp-json\/wp\/v2\/product_tag?post=2264"}],"curies":[{"name":"wp","href":"https:\/\/api.w.org\/{rel}","templated":true}]}}