{"id":2281,"date":"2024-10-31T14:22:11","date_gmt":"2024-10-31T13:22:11","guid":{"rendered":"https:\/\/linoexpress.com\/si\/?post_type=product&#038;p=2281"},"modified":"2025-10-14T11:55:26","modified_gmt":"2025-10-14T09:55:26","slug":"refleksna-udarna-zoga","status":"publish","type":"product","link":"https:\/\/linoexpress.com\/si\/proizvod\/refleksna-udarna-zoga\/","title":{"rendered":"Refleksna udarna \u017eoga"},"content":{"rendered":"","protected":false},"excerpt":{"rendered":"<p>Izbolj\u0161ajte svoje usposabljanje in dvignite svojo motivacijo na vi\u0161jo raven. Najbolj\u0161a \u017eoga za izbolj\u0161anje refleksov!<\/p>\n","protected":false},"featured_media":3576,"comment_status":"closed","ping_status":"closed","template":"","meta":{"inline_featured_image":false},"product_brand":[],"product_cat":[15,43,26],"product_tag":[],"class_list":{"0":"post-2281","1":"product","2":"type-product","3":"status-publish","4":"has-post-thumbnail","6":"product_cat-uncategorized","7":"product_cat-fun","8":"product_cat-health","10":"first","11":"instock","12":"sale","13":"taxable","14":"shipping-taxable","15":"purchasable","16":"product-type-simple"},"acf":[],"_links":{"self":[{"href":"https:\/\/linoexpress.com\/si\/wp-json\/wp\/v2\/product\/2281","targetHints":{"allow":["GET"]}}],"collection":[{"href":"https:\/\/linoexpress.com\/si\/wp-json\/wp\/v2\/product"}],"about":[{"href":"https:\/\/linoexpress.com\/si\/wp-json\/wp\/v2\/types\/product"}],"replies":[{"embeddable":true,"href":"https:\/\/linoexpress.com\/si\/wp-json\/wp\/v2\/comments?post=2281"}],"wp:featuredmedia":[{"embeddable":true,"href":"https:\/\/linoexpress.com\/si\/wp-json\/wp\/v2\/media\/3576"}],"wp:attachment":[{"href":"https:\/\/linoexpress.com\/si\/wp-json\/wp\/v2\/media?parent=2281"}],"wp:term":[{"taxonomy":"product_brand","embeddable":true,"href":"https:\/\/linoexpress.com\/si\/wp-json\/wp\/v2\/product_brand?post=2281"},{"taxonomy":"product_cat","embeddable":true,"href":"https:\/\/linoexpress.com\/si\/wp-json\/wp\/v2\/product_cat?post=2281"},{"taxonomy":"product_tag","embeddable":true,"href":"https:\/\/linoexpress.com\/si\/wp-json\/wp\/v2\/product_tag?post=2281"}],"curies":[{"name":"wp","href":"https:\/\/api.w.org\/{rel}","templated":true}]}}