{"id":2356,"date":"2024-11-05T08:49:31","date_gmt":"2024-11-05T07:49:31","guid":{"rendered":"https:\/\/linoexpress.com\/si\/?post_type=product&#038;p=2356"},"modified":"2025-10-07T10:05:26","modified_gmt":"2025-10-07T08:05:26","slug":"3d-slikanice-pravljic","status":"publish","type":"product","link":"https:\/\/linoexpress.com\/si\/proizvod\/3d-slikanice-pravljic\/","title":{"rendered":"3D slikanice pravljic"},"content":{"rendered":"","protected":false},"excerpt":{"rendered":"<p>Kakovostne 3D slikanice z najljub\u0161imi pravljicami bodo navdu\u0161ile in sprostile va\u0161e otroke. Pustite otro\u0161ki domi\u0161ljiji prosto pot s temi odli\u010dnimi pravljicami.<\/p>\n","protected":false},"featured_media":2359,"comment_status":"closed","ping_status":"closed","template":"","meta":{"inline_featured_image":false},"product_brand":[],"product_cat":[15,43],"product_tag":[],"class_list":{"0":"post-2356","1":"product","2":"type-product","3":"status-publish","4":"has-post-thumbnail","6":"product_cat-uncategorized","7":"product_cat-fun","9":"first","10":"instock","11":"sale","12":"taxable","13":"shipping-taxable","14":"purchasable","15":"product-type-simple"},"acf":[],"_links":{"self":[{"href":"https:\/\/linoexpress.com\/si\/wp-json\/wp\/v2\/product\/2356","targetHints":{"allow":["GET"]}}],"collection":[{"href":"https:\/\/linoexpress.com\/si\/wp-json\/wp\/v2\/product"}],"about":[{"href":"https:\/\/linoexpress.com\/si\/wp-json\/wp\/v2\/types\/product"}],"replies":[{"embeddable":true,"href":"https:\/\/linoexpress.com\/si\/wp-json\/wp\/v2\/comments?post=2356"}],"wp:featuredmedia":[{"embeddable":true,"href":"https:\/\/linoexpress.com\/si\/wp-json\/wp\/v2\/media\/2359"}],"wp:attachment":[{"href":"https:\/\/linoexpress.com\/si\/wp-json\/wp\/v2\/media?parent=2356"}],"wp:term":[{"taxonomy":"product_brand","embeddable":true,"href":"https:\/\/linoexpress.com\/si\/wp-json\/wp\/v2\/product_brand?post=2356"},{"taxonomy":"product_cat","embeddable":true,"href":"https:\/\/linoexpress.com\/si\/wp-json\/wp\/v2\/product_cat?post=2356"},{"taxonomy":"product_tag","embeddable":true,"href":"https:\/\/linoexpress.com\/si\/wp-json\/wp\/v2\/product_tag?post=2356"}],"curies":[{"name":"wp","href":"https:\/\/api.w.org\/{rel}","templated":true}]}}