{"id":2782,"date":"2025-03-04T10:01:51","date_gmt":"2025-03-04T09:01:51","guid":{"rendered":"https:\/\/linoexpress.com\/si\/?post_type=product&#038;p=2782"},"modified":"2026-03-10T23:33:49","modified_gmt":"2026-03-10T22:33:49","slug":"pozicioner-za-vgradnjo-vrat","status":"publish","type":"product","link":"https:\/\/linoexpress.com\/si\/proizvod\/pozicioner-za-vgradnjo-vrat\/","title":{"rendered":"Pozicioner za vgradnjo vrat"},"content":{"rendered":"","protected":false},"excerpt":{"rendered":"<p>Na\u0161 pozicioner za vgradnjo vrat zagotavlja hiter in natan\u010den na\u010din za popolno poravnavo, tudi brez pomo\u010di drugih. To orodje je zasnovano za enostavno uporabo, kar vam omogo\u010da, da delo opravite hitreje in u\u010dinkoviteje.<\/p>\n","protected":false},"featured_media":2783,"comment_status":"closed","ping_status":"closed","template":"","meta":{"inline_featured_image":false},"product_brand":[],"product_cat":[15,43],"product_tag":[],"class_list":{"0":"post-2782","1":"product","2":"type-product","3":"status-publish","4":"has-post-thumbnail","6":"product_cat-uncategorized","7":"product_cat-fun","9":"first","10":"instock","11":"sale","12":"taxable","13":"shipping-taxable","14":"purchasable","15":"product-type-simple"},"acf":[],"_links":{"self":[{"href":"https:\/\/linoexpress.com\/si\/wp-json\/wp\/v2\/product\/2782","targetHints":{"allow":["GET"]}}],"collection":[{"href":"https:\/\/linoexpress.com\/si\/wp-json\/wp\/v2\/product"}],"about":[{"href":"https:\/\/linoexpress.com\/si\/wp-json\/wp\/v2\/types\/product"}],"replies":[{"embeddable":true,"href":"https:\/\/linoexpress.com\/si\/wp-json\/wp\/v2\/comments?post=2782"}],"wp:featuredmedia":[{"embeddable":true,"href":"https:\/\/linoexpress.com\/si\/wp-json\/wp\/v2\/media\/2783"}],"wp:attachment":[{"href":"https:\/\/linoexpress.com\/si\/wp-json\/wp\/v2\/media?parent=2782"}],"wp:term":[{"taxonomy":"product_brand","embeddable":true,"href":"https:\/\/linoexpress.com\/si\/wp-json\/wp\/v2\/product_brand?post=2782"},{"taxonomy":"product_cat","embeddable":true,"href":"https:\/\/linoexpress.com\/si\/wp-json\/wp\/v2\/product_cat?post=2782"},{"taxonomy":"product_tag","embeddable":true,"href":"https:\/\/linoexpress.com\/si\/wp-json\/wp\/v2\/product_tag?post=2782"}],"curies":[{"name":"wp","href":"https:\/\/api.w.org\/{rel}","templated":true}]}}