{"id":2801,"date":"2025-03-04T13:33:43","date_gmt":"2025-03-04T12:33:43","guid":{"rendered":"https:\/\/linoexpress.com\/si\/?post_type=product&#038;p=2801"},"modified":"2025-03-26T15:28:53","modified_gmt":"2025-03-26T14:28:53","slug":"art-set-ustvarjalna-carovnija","status":"publish","type":"product","link":"https:\/\/linoexpress.com\/si\/proizvod\/art-set-ustvarjalna-carovnija\/","title":{"rendered":"Art set &#8211; ustvarjalna \u010darovnija"},"content":{"rendered":"","protected":false},"excerpt":{"rendered":"<p>Odkrijte \u010darobni svet umetnosti! Ta kreativni komplet omogo\u010da preprosto ustvarjanje neverjetnih umetnin z eno samo prasko. Ne glede na to, ali ste za\u010detnik ali izku\u0161en umetnik, ta komplet ponuja neskon\u010dne mo\u017enosti za izra\u017eanje va\u0161e ustvarjalnosti. Razveselite svoje otroke ali sebe s to zabavno in pou\u010dno dejavnostjo!<\/p>\n","protected":false},"featured_media":2807,"comment_status":"closed","ping_status":"closed","template":"","meta":{"inline_featured_image":false},"product_brand":[],"product_cat":[15,43],"product_tag":[],"class_list":{"0":"post-2801","1":"product","2":"type-product","3":"status-publish","4":"has-post-thumbnail","6":"product_cat-uncategorized","7":"product_cat-fun","9":"first","10":"instock","11":"sale","12":"taxable","13":"shipping-taxable","14":"purchasable","15":"product-type-simple"},"acf":[],"_links":{"self":[{"href":"https:\/\/linoexpress.com\/si\/wp-json\/wp\/v2\/product\/2801","targetHints":{"allow":["GET"]}}],"collection":[{"href":"https:\/\/linoexpress.com\/si\/wp-json\/wp\/v2\/product"}],"about":[{"href":"https:\/\/linoexpress.com\/si\/wp-json\/wp\/v2\/types\/product"}],"replies":[{"embeddable":true,"href":"https:\/\/linoexpress.com\/si\/wp-json\/wp\/v2\/comments?post=2801"}],"wp:featuredmedia":[{"embeddable":true,"href":"https:\/\/linoexpress.com\/si\/wp-json\/wp\/v2\/media\/2807"}],"wp:attachment":[{"href":"https:\/\/linoexpress.com\/si\/wp-json\/wp\/v2\/media?parent=2801"}],"wp:term":[{"taxonomy":"product_brand","embeddable":true,"href":"https:\/\/linoexpress.com\/si\/wp-json\/wp\/v2\/product_brand?post=2801"},{"taxonomy":"product_cat","embeddable":true,"href":"https:\/\/linoexpress.com\/si\/wp-json\/wp\/v2\/product_cat?post=2801"},{"taxonomy":"product_tag","embeddable":true,"href":"https:\/\/linoexpress.com\/si\/wp-json\/wp\/v2\/product_tag?post=2801"}],"curies":[{"name":"wp","href":"https:\/\/api.w.org\/{rel}","templated":true}]}}