{"id":2840,"date":"2025-03-12T23:51:15","date_gmt":"2025-03-12T22:51:15","guid":{"rendered":"https:\/\/linoexpress.com\/si\/?post_type=product&#038;p=2840"},"modified":"2025-03-30T12:40:05","modified_gmt":"2025-03-30T10:40:05","slug":"2-v-1-elektricni-in-rocni-avto","status":"publish","type":"product","link":"https:\/\/linoexpress.com\/si\/proizvod\/2-v-1-elektricni-in-rocni-avto\/","title":{"rendered":"2 v 1 elektri\u010dni in ro\u010dni avto"},"content":{"rendered":"","protected":false},"excerpt":{"rendered":"<p>Ta inovativni avtomobil\u010dek otrokom omogo\u010da izbiro med klasi\u010dnim ro\u010dnim upravljanjem in elektri\u010dnim na\u010dinom za \u0161e bolj zabavno vo\u017enjo. Popoln je za igranje doma ali na prostem, saj zagotavlja varnost in stabilnost. Zaradi sodobnega dizajna in enostavne uporabe je idealna izbira za najmlaj\u0161e.<\/p>\n","protected":false},"featured_media":2841,"comment_status":"closed","ping_status":"closed","template":"","meta":{"inline_featured_image":false},"product_brand":[],"product_cat":[15,43],"product_tag":[],"class_list":{"0":"post-2840","1":"product","2":"type-product","3":"status-publish","4":"has-post-thumbnail","6":"product_cat-uncategorized","7":"product_cat-fun","9":"first","10":"instock","11":"sale","12":"taxable","13":"shipping-taxable","14":"purchasable","15":"product-type-simple"},"acf":[],"_links":{"self":[{"href":"https:\/\/linoexpress.com\/si\/wp-json\/wp\/v2\/product\/2840","targetHints":{"allow":["GET"]}}],"collection":[{"href":"https:\/\/linoexpress.com\/si\/wp-json\/wp\/v2\/product"}],"about":[{"href":"https:\/\/linoexpress.com\/si\/wp-json\/wp\/v2\/types\/product"}],"replies":[{"embeddable":true,"href":"https:\/\/linoexpress.com\/si\/wp-json\/wp\/v2\/comments?post=2840"}],"wp:featuredmedia":[{"embeddable":true,"href":"https:\/\/linoexpress.com\/si\/wp-json\/wp\/v2\/media\/2841"}],"wp:attachment":[{"href":"https:\/\/linoexpress.com\/si\/wp-json\/wp\/v2\/media?parent=2840"}],"wp:term":[{"taxonomy":"product_brand","embeddable":true,"href":"https:\/\/linoexpress.com\/si\/wp-json\/wp\/v2\/product_brand?post=2840"},{"taxonomy":"product_cat","embeddable":true,"href":"https:\/\/linoexpress.com\/si\/wp-json\/wp\/v2\/product_cat?post=2840"},{"taxonomy":"product_tag","embeddable":true,"href":"https:\/\/linoexpress.com\/si\/wp-json\/wp\/v2\/product_tag?post=2840"}],"curies":[{"name":"wp","href":"https:\/\/api.w.org\/{rel}","templated":true}]}}