{"id":2887,"date":"2025-03-14T11:40:04","date_gmt":"2025-03-14T10:40:04","guid":{"rendered":"https:\/\/linoexpress.com\/si\/?post_type=product&#038;p=2887"},"modified":"2026-03-10T23:33:19","modified_gmt":"2026-03-10T22:33:19","slug":"keglove-vaje","status":"publish","type":"product","link":"https:\/\/linoexpress.com\/si\/proizvod\/keglove-vaje\/","title":{"rendered":"Keglove vaje"},"content":{"rendered":"","protected":false},"excerpt":{"rendered":"<p>Dosezite ve\u010dji nadzor in vzdr\u017eljivost s Keglovimi vajami, ki krepijo mi\u0161ice medeni\u010dnega dna. Ta preprosta, naravna in preizku\u0161ena metoda izbolj\u0161a telesno pripravljenost, vzdr\u017eljivost in splo\u0161no po\u010dutje brez uporabe zdravil. Idealen je za mo\u0161ke in \u017eenske ter je prenosljiv in enostaven za uporabo kjer koli.<\/p>\n","protected":false},"featured_media":2888,"comment_status":"closed","ping_status":"closed","template":"","meta":{"inline_featured_image":false},"product_brand":[],"product_cat":[15,43],"product_tag":[],"class_list":{"0":"post-2887","1":"product","2":"type-product","3":"status-publish","4":"has-post-thumbnail","6":"product_cat-uncategorized","7":"product_cat-fun","9":"first","10":"instock","11":"sale","12":"taxable","13":"shipping-taxable","14":"purchasable","15":"product-type-simple"},"acf":[],"_links":{"self":[{"href":"https:\/\/linoexpress.com\/si\/wp-json\/wp\/v2\/product\/2887","targetHints":{"allow":["GET"]}}],"collection":[{"href":"https:\/\/linoexpress.com\/si\/wp-json\/wp\/v2\/product"}],"about":[{"href":"https:\/\/linoexpress.com\/si\/wp-json\/wp\/v2\/types\/product"}],"replies":[{"embeddable":true,"href":"https:\/\/linoexpress.com\/si\/wp-json\/wp\/v2\/comments?post=2887"}],"wp:featuredmedia":[{"embeddable":true,"href":"https:\/\/linoexpress.com\/si\/wp-json\/wp\/v2\/media\/2888"}],"wp:attachment":[{"href":"https:\/\/linoexpress.com\/si\/wp-json\/wp\/v2\/media?parent=2887"}],"wp:term":[{"taxonomy":"product_brand","embeddable":true,"href":"https:\/\/linoexpress.com\/si\/wp-json\/wp\/v2\/product_brand?post=2887"},{"taxonomy":"product_cat","embeddable":true,"href":"https:\/\/linoexpress.com\/si\/wp-json\/wp\/v2\/product_cat?post=2887"},{"taxonomy":"product_tag","embeddable":true,"href":"https:\/\/linoexpress.com\/si\/wp-json\/wp\/v2\/product_tag?post=2887"}],"curies":[{"name":"wp","href":"https:\/\/api.w.org\/{rel}","templated":true}]}}