{"id":2909,"date":"2025-03-15T13:50:38","date_gmt":"2025-03-15T12:50:38","guid":{"rendered":"https:\/\/linoexpress.com\/si\/?post_type=product&#038;p=2909"},"modified":"2025-03-15T14:06:13","modified_gmt":"2025-03-15T13:06:13","slug":"interaktivna-pticja-igraca-za-macke","status":"publish","type":"product","link":"https:\/\/linoexpress.com\/si\/proizvod\/interaktivna-pticja-igraca-za-macke\/","title":{"rendered":"Interaktivna pti\u010dja igra\u010da za ma\u010dke"},"content":{"rendered":"","protected":false},"excerpt":{"rendered":"<p>Ta pli\u0161asti pti\u010d zagotavlja ure in ure zabave za va\u0161o ma\u010dko zahvaljujo\u010d svojim realisti\u010dnim zvokom in gibom. Zaradi perja in mehkega materiala je popolna za grizljanje, lovljenje in igro. Spodbuja naravne instinkte ma\u010dke, spodbuja aktivnost in mentalno stimulacijo.<\/p>\n","protected":false},"featured_media":2911,"comment_status":"closed","ping_status":"closed","template":"","meta":{"inline_featured_image":false},"product_brand":[],"product_cat":[15,43],"product_tag":[],"class_list":{"0":"post-2909","1":"product","2":"type-product","3":"status-publish","4":"has-post-thumbnail","6":"product_cat-uncategorized","7":"product_cat-fun","9":"first","10":"instock","11":"sale","12":"taxable","13":"shipping-taxable","14":"purchasable","15":"product-type-simple"},"acf":[],"_links":{"self":[{"href":"https:\/\/linoexpress.com\/si\/wp-json\/wp\/v2\/product\/2909","targetHints":{"allow":["GET"]}}],"collection":[{"href":"https:\/\/linoexpress.com\/si\/wp-json\/wp\/v2\/product"}],"about":[{"href":"https:\/\/linoexpress.com\/si\/wp-json\/wp\/v2\/types\/product"}],"replies":[{"embeddable":true,"href":"https:\/\/linoexpress.com\/si\/wp-json\/wp\/v2\/comments?post=2909"}],"wp:featuredmedia":[{"embeddable":true,"href":"https:\/\/linoexpress.com\/si\/wp-json\/wp\/v2\/media\/2911"}],"wp:attachment":[{"href":"https:\/\/linoexpress.com\/si\/wp-json\/wp\/v2\/media?parent=2909"}],"wp:term":[{"taxonomy":"product_brand","embeddable":true,"href":"https:\/\/linoexpress.com\/si\/wp-json\/wp\/v2\/product_brand?post=2909"},{"taxonomy":"product_cat","embeddable":true,"href":"https:\/\/linoexpress.com\/si\/wp-json\/wp\/v2\/product_cat?post=2909"},{"taxonomy":"product_tag","embeddable":true,"href":"https:\/\/linoexpress.com\/si\/wp-json\/wp\/v2\/product_tag?post=2909"}],"curies":[{"name":"wp","href":"https:\/\/api.w.org\/{rel}","templated":true}]}}