{"id":2989,"date":"2025-03-31T14:26:59","date_gmt":"2025-03-31T12:26:59","guid":{"rendered":"https:\/\/linoexpress.com\/si\/?post_type=product&#038;p=2989"},"modified":"2025-09-18T10:36:43","modified_gmt":"2025-09-18T08:36:43","slug":"trak-za-individualno-vadbo-boksa","status":"publish","type":"product","link":"https:\/\/linoexpress.com\/si\/proizvod\/trak-za-individualno-vadbo-boksa\/","title":{"rendered":"Trak za individualno vadbo boksa"},"content":{"rendered":"","protected":false},"excerpt":{"rendered":"<p>Inovativen trak za vadbo boksa, ki izbolj\u0161a hitrost, mo\u010d in agilnost. Pomaga krepiti klju\u010dne mi\u0161ice in zagotavlja eksplozivne gibe brez potrebe po ute\u017ei.<\/p>\n","protected":false},"featured_media":2880,"comment_status":"closed","ping_status":"closed","template":"","meta":{"inline_featured_image":false},"product_brand":[],"product_cat":[28,15,26],"product_tag":[],"class_list":{"0":"post-2989","1":"product","2":"type-product","3":"status-publish","4":"has-post-thumbnail","6":"product_cat-beauty","7":"product_cat-uncategorized","8":"product_cat-health","10":"first","11":"instock","12":"sale","13":"taxable","14":"shipping-taxable","15":"purchasable","16":"product-type-simple"},"acf":[],"_links":{"self":[{"href":"https:\/\/linoexpress.com\/si\/wp-json\/wp\/v2\/product\/2989","targetHints":{"allow":["GET"]}}],"collection":[{"href":"https:\/\/linoexpress.com\/si\/wp-json\/wp\/v2\/product"}],"about":[{"href":"https:\/\/linoexpress.com\/si\/wp-json\/wp\/v2\/types\/product"}],"replies":[{"embeddable":true,"href":"https:\/\/linoexpress.com\/si\/wp-json\/wp\/v2\/comments?post=2989"}],"wp:featuredmedia":[{"embeddable":true,"href":"https:\/\/linoexpress.com\/si\/wp-json\/wp\/v2\/media\/2880"}],"wp:attachment":[{"href":"https:\/\/linoexpress.com\/si\/wp-json\/wp\/v2\/media?parent=2989"}],"wp:term":[{"taxonomy":"product_brand","embeddable":true,"href":"https:\/\/linoexpress.com\/si\/wp-json\/wp\/v2\/product_brand?post=2989"},{"taxonomy":"product_cat","embeddable":true,"href":"https:\/\/linoexpress.com\/si\/wp-json\/wp\/v2\/product_cat?post=2989"},{"taxonomy":"product_tag","embeddable":true,"href":"https:\/\/linoexpress.com\/si\/wp-json\/wp\/v2\/product_tag?post=2989"}],"curies":[{"name":"wp","href":"https:\/\/api.w.org\/{rel}","templated":true}]}}