{"id":3003,"date":"2025-04-03T23:40:57","date_gmt":"2025-04-03T21:40:57","guid":{"rendered":"https:\/\/linoexpress.com\/si\/?post_type=product&#038;p=3003"},"modified":"2025-09-18T10:27:17","modified_gmt":"2025-09-18T08:27:17","slug":"pozicioner-za-vgradnjo-vrat-2","status":"publish","type":"product","link":"https:\/\/linoexpress.com\/si\/proizvod\/pozicioner-za-vgradnjo-vrat-2\/","title":{"rendered":"Pozicioner za vgradnjo vrat"},"content":{"rendered":"","protected":false},"excerpt":{"rendered":"<p>Natan\u010dno in preprosto orodje za monta\u017eo omarnih vrat. Omogo\u010da hitro izravnavo in varno monta\u017eo brez dodatne pomo\u010di. Izdelan iz trpe\u017ene aluminijeve zlitine za dolgotrajno uporabo.<\/p>\n","protected":false},"featured_media":2783,"comment_status":"closed","ping_status":"closed","template":"","meta":{"inline_featured_image":false},"product_brand":[],"product_cat":[27,15],"product_tag":[],"class_list":{"0":"post-3003","1":"product","2":"type-product","3":"status-publish","4":"has-post-thumbnail","6":"product_cat-home","7":"product_cat-uncategorized","9":"first","10":"instock","11":"sale","12":"taxable","13":"shipping-taxable","14":"purchasable","15":"product-type-simple"},"acf":[],"_links":{"self":[{"href":"https:\/\/linoexpress.com\/si\/wp-json\/wp\/v2\/product\/3003","targetHints":{"allow":["GET"]}}],"collection":[{"href":"https:\/\/linoexpress.com\/si\/wp-json\/wp\/v2\/product"}],"about":[{"href":"https:\/\/linoexpress.com\/si\/wp-json\/wp\/v2\/types\/product"}],"replies":[{"embeddable":true,"href":"https:\/\/linoexpress.com\/si\/wp-json\/wp\/v2\/comments?post=3003"}],"wp:featuredmedia":[{"embeddable":true,"href":"https:\/\/linoexpress.com\/si\/wp-json\/wp\/v2\/media\/2783"}],"wp:attachment":[{"href":"https:\/\/linoexpress.com\/si\/wp-json\/wp\/v2\/media?parent=3003"}],"wp:term":[{"taxonomy":"product_brand","embeddable":true,"href":"https:\/\/linoexpress.com\/si\/wp-json\/wp\/v2\/product_brand?post=3003"},{"taxonomy":"product_cat","embeddable":true,"href":"https:\/\/linoexpress.com\/si\/wp-json\/wp\/v2\/product_cat?post=3003"},{"taxonomy":"product_tag","embeddable":true,"href":"https:\/\/linoexpress.com\/si\/wp-json\/wp\/v2\/product_tag?post=3003"}],"curies":[{"name":"wp","href":"https:\/\/api.w.org\/{rel}","templated":true}]}}