{"id":3014,"date":"2025-04-04T14:24:08","date_gmt":"2025-04-04T12:24:08","guid":{"rendered":"https:\/\/linoexpress.com\/si\/?post_type=product&#038;p=3014"},"modified":"2025-09-18T11:18:15","modified_gmt":"2025-09-18T09:18:15","slug":"prave-obrazne-maske","status":"publish","type":"product","link":"https:\/\/linoexpress.com\/si\/proizvod\/prave-obrazne-maske\/","title":{"rendered":"Prave obrazne maske"},"content":{"rendered":"","protected":false},"excerpt":{"rendered":"<p>V trenutku se spremeni v nekoga drugega! Visokokakovostne realisti\u010dne maske iz naravnega lateksa. Idealen za no\u010d \u010darovnic, maskenbal, tematske zabave ali nepozabne potegav\u0161\u010dine s prijatelji.<\/p>\n","protected":false},"featured_media":3022,"comment_status":"closed","ping_status":"closed","template":"","meta":{"inline_featured_image":false},"product_brand":[],"product_cat":[27,15,43],"product_tag":[],"class_list":{"0":"post-3014","1":"product","2":"type-product","3":"status-publish","4":"has-post-thumbnail","6":"product_cat-home","7":"product_cat-uncategorized","8":"product_cat-fun","10":"first","11":"instock","12":"sale","13":"taxable","14":"shipping-taxable","15":"purchasable","16":"product-type-simple"},"acf":[],"_links":{"self":[{"href":"https:\/\/linoexpress.com\/si\/wp-json\/wp\/v2\/product\/3014","targetHints":{"allow":["GET"]}}],"collection":[{"href":"https:\/\/linoexpress.com\/si\/wp-json\/wp\/v2\/product"}],"about":[{"href":"https:\/\/linoexpress.com\/si\/wp-json\/wp\/v2\/types\/product"}],"replies":[{"embeddable":true,"href":"https:\/\/linoexpress.com\/si\/wp-json\/wp\/v2\/comments?post=3014"}],"wp:featuredmedia":[{"embeddable":true,"href":"https:\/\/linoexpress.com\/si\/wp-json\/wp\/v2\/media\/3022"}],"wp:attachment":[{"href":"https:\/\/linoexpress.com\/si\/wp-json\/wp\/v2\/media?parent=3014"}],"wp:term":[{"taxonomy":"product_brand","embeddable":true,"href":"https:\/\/linoexpress.com\/si\/wp-json\/wp\/v2\/product_brand?post=3014"},{"taxonomy":"product_cat","embeddable":true,"href":"https:\/\/linoexpress.com\/si\/wp-json\/wp\/v2\/product_cat?post=3014"},{"taxonomy":"product_tag","embeddable":true,"href":"https:\/\/linoexpress.com\/si\/wp-json\/wp\/v2\/product_tag?post=3014"}],"curies":[{"name":"wp","href":"https:\/\/api.w.org\/{rel}","templated":true}]}}