{"id":3044,"date":"2025-04-09T09:24:05","date_gmt":"2025-04-09T07:24:05","guid":{"rendered":"https:\/\/linoexpress.com\/si\/?post_type=product&#038;p=3044"},"modified":"2025-09-18T09:56:31","modified_gmt":"2025-09-18T07:56:31","slug":"2-v-1-elektricni-in-rocni-avto-2","status":"publish","type":"product","link":"https:\/\/linoexpress.com\/si\/proizvod\/2-v-1-elektricni-in-rocni-avto-2\/","title":{"rendered":"2 v 1 elektri\u010dni in ro\u010dni avto"},"content":{"rendered":"","protected":false},"excerpt":{"rendered":"<p>Ta inovativni avtomobil\u010dek nudi otrokom dvojno zabavo in prilagodljivost. Uporabljajo ga lahko ro\u010dno z vrtenjem volana ali vklopijo elektri\u010dni pogon za \u0161e udobnej\u0161o vo\u017enjo. Idealen je za igro v zaprtih prostorih in na prostem, z varno in stabilno zasnovo, ki zagotavlja brezskrbno igro.<\/p>\n","protected":false},"featured_media":3047,"comment_status":"closed","ping_status":"closed","template":"","meta":{"inline_featured_image":false},"product_brand":[],"product_cat":[27,15],"product_tag":[],"class_list":{"0":"post-3044","1":"product","2":"type-product","3":"status-publish","4":"has-post-thumbnail","6":"product_cat-home","7":"product_cat-uncategorized","9":"first","10":"instock","11":"sale","12":"taxable","13":"shipping-taxable","14":"purchasable","15":"product-type-simple"},"acf":[],"_links":{"self":[{"href":"https:\/\/linoexpress.com\/si\/wp-json\/wp\/v2\/product\/3044","targetHints":{"allow":["GET"]}}],"collection":[{"href":"https:\/\/linoexpress.com\/si\/wp-json\/wp\/v2\/product"}],"about":[{"href":"https:\/\/linoexpress.com\/si\/wp-json\/wp\/v2\/types\/product"}],"replies":[{"embeddable":true,"href":"https:\/\/linoexpress.com\/si\/wp-json\/wp\/v2\/comments?post=3044"}],"wp:featuredmedia":[{"embeddable":true,"href":"https:\/\/linoexpress.com\/si\/wp-json\/wp\/v2\/media\/3047"}],"wp:attachment":[{"href":"https:\/\/linoexpress.com\/si\/wp-json\/wp\/v2\/media?parent=3044"}],"wp:term":[{"taxonomy":"product_brand","embeddable":true,"href":"https:\/\/linoexpress.com\/si\/wp-json\/wp\/v2\/product_brand?post=3044"},{"taxonomy":"product_cat","embeddable":true,"href":"https:\/\/linoexpress.com\/si\/wp-json\/wp\/v2\/product_cat?post=3044"},{"taxonomy":"product_tag","embeddable":true,"href":"https:\/\/linoexpress.com\/si\/wp-json\/wp\/v2\/product_tag?post=3044"}],"curies":[{"name":"wp","href":"https:\/\/api.w.org\/{rel}","templated":true}]}}