{"id":3293,"date":"2025-06-25T19:29:33","date_gmt":"2025-06-25T17:29:33","guid":{"rendered":"https:\/\/linoexpress.com\/si\/?post_type=product&#038;p=3293"},"modified":"2026-03-10T23:33:05","modified_gmt":"2026-03-10T22:33:05","slug":"luksuzna-garaza-za-zbirateljske-modele-avtomobilov","status":"publish","type":"product","link":"https:\/\/linoexpress.com\/si\/proizvod\/luksuzna-garaza-za-zbirateljske-modele-avtomobilov\/","title":{"rendered":"Luksuzna gara\u017ea za zbirateljske modele avtomobilov"},"content":{"rendered":"","protected":false},"excerpt":{"rendered":"<p data-start=\"936\" data-end=\"1254\">Ta luksuzna mini gara\u017ea je idealna re\u0161itev za razstavitev va\u0161ih kolekcijskih avtomobilskih modelov. S stilno LED osvetlitvijo in modernim dizajnom nudi eleganten prostor za en model. Mo\u017eete naro\u010diti ve\u010d gara\u017e za ve\u010djo zbirko. Narejena je iz visokokakovostnih materialov, kar zagotavlja trajnost in varnost va\u0161e zbirke.<\/p>\n","protected":false},"featured_media":3299,"comment_status":"closed","ping_status":"closed","template":"","meta":{"inline_featured_image":false},"product_brand":[],"product_cat":[27,15,43],"product_tag":[],"class_list":{"0":"post-3293","1":"product","2":"type-product","3":"status-publish","4":"has-post-thumbnail","6":"product_cat-home","7":"product_cat-uncategorized","8":"product_cat-fun","10":"first","11":"instock","12":"sale","13":"taxable","14":"shipping-taxable","15":"purchasable","16":"product-type-simple"},"acf":[],"_links":{"self":[{"href":"https:\/\/linoexpress.com\/si\/wp-json\/wp\/v2\/product\/3293","targetHints":{"allow":["GET"]}}],"collection":[{"href":"https:\/\/linoexpress.com\/si\/wp-json\/wp\/v2\/product"}],"about":[{"href":"https:\/\/linoexpress.com\/si\/wp-json\/wp\/v2\/types\/product"}],"replies":[{"embeddable":true,"href":"https:\/\/linoexpress.com\/si\/wp-json\/wp\/v2\/comments?post=3293"}],"wp:featuredmedia":[{"embeddable":true,"href":"https:\/\/linoexpress.com\/si\/wp-json\/wp\/v2\/media\/3299"}],"wp:attachment":[{"href":"https:\/\/linoexpress.com\/si\/wp-json\/wp\/v2\/media?parent=3293"}],"wp:term":[{"taxonomy":"product_brand","embeddable":true,"href":"https:\/\/linoexpress.com\/si\/wp-json\/wp\/v2\/product_brand?post=3293"},{"taxonomy":"product_cat","embeddable":true,"href":"https:\/\/linoexpress.com\/si\/wp-json\/wp\/v2\/product_cat?post=3293"},{"taxonomy":"product_tag","embeddable":true,"href":"https:\/\/linoexpress.com\/si\/wp-json\/wp\/v2\/product_tag?post=3293"}],"curies":[{"name":"wp","href":"https:\/\/api.w.org\/{rel}","templated":true}]}}